{"id":7,"date":"2017-02-14T21:19:37","date_gmt":"2017-02-14T21:19:37","guid":{"rendered":"http:\/\/www.tentamus.com\/de\/?page_id=7"},"modified":"2026-01-28T14:45:36","modified_gmt":"2026-01-28T12:45:36","slug":"startseite","status":"publish","type":"page","link":"https:\/\/www.veltialabs.gr\/ro\/","title":{"rendered":"Startseite"},"content":{"rendered":"<!-- tailor:tailor_section:62cfefbfdfd1f -->\n<div class=\"tailor-element tailor-section tailor-62cfefbfdfd1h\">\n<div class=\"tailor-section__content\">\n<div class=\"tailor-element tailor-content tailor-62b3072f9afda\">\n<h1 style=\"text-align: center\">Bine a\u021bi venit!<\/h1>\n<\/div>\n<!-- \/tailor:tailor_content:62b3072f9afda --><!-- tailor:tailor_grid:62b3072f9afdk -->\n<div class=\"tailor-element tailor-grid tailor-grid--tablet tailor-grid--3 tailor-grid--bordered tailor-62b3072f9afdk\">\n<!-- tailor:tailor_grid_item:62b3072f9afdj -->\n<div class=\"tailor-grid__item tailor-62b3072f9afdj u-text-center u-align-top\">\n<!-- tailor:tailor_content:62b3072f9afdi -->\n<div class=\"tailor-element tailor-content homebox tailor-62b3072f9afdi\">\n<p><img decoding=\"async\" loading=\"lazy\" class=\"circle alignnone wp-image-102 size-full\" src=\"https:\/\/www.veltialabs.gr\/en\/wp-content\/uploads\/sites\/109\/2020\/12\/teaser-fruits.jpg\" alt=\"\" width=\"500\" height=\"500\" \/><\/p>\n<h3>Fructe &amp; Legume<\/h3>\n<p><span>Analizele de fructe \u0219i legume au o importan\u021b\u0103 crucial\u0103 pentru asigurarea s\u0103n\u0103t\u0103\u021bii \u0219i siguran\u021bei consumatorului.\u00a0 Analizele de fructe \u0219i legume se efectueaz\u0103 \u00een ambele unit\u0103\u021bi ale VELTIA (Salonic \u0219i Atena).\u00a0\u00a0<\/span><br \/>\n<span style=\"text-decoration: underline\"><a href=\"https:\/\/www.veltialabs.gr\/ro\/industry\/fruits-vegetables\/\">mai multe<\/a><\/span><\/p>\n<\/div>\n<!-- \/tailor:tailor_content:62b3072f9afdi -->\n<\/div>\n<!-- \/tailor:tailor_grid_item:62b3072f9afdj --><!-- tailor:tailor_grid_item:62b3072f9afds -->\n<div class=\"tailor-grid__item tailor-62b3072f9afds u-text-center u-align-top\">\n<!-- tailor:tailor_content:62b3072f9afdr -->\n<div class=\"tailor-element tailor-content homebox tailor-62b3072f9afdr\">\n<p><img decoding=\"async\" loading=\"lazy\" class=\"alignnone size-medium wp-image-1213\" src=\"https:\/\/www.veltialabs.gr\/wp-content\/uploads\/sites\/145\/2020\/12\/teaser-food-300x296.jpg\" alt=\"\" width=\"300\" height=\"296\" srcset=\"https:\/\/www.veltialabs.gr\/ro\/wp-content\/uploads\/sites\/169\/2020\/12\/teaser-food-300x296.jpg 300w, https:\/\/www.veltialabs.gr\/ro\/wp-content\/uploads\/sites\/169\/2020\/12\/teaser-food.jpg 500w\" sizes=\"(max-width: 300px) 100vw, 300px\" \/><\/p>\n<h3>Alimente &amp; Hran\u0103 pentru animale<\/h3>\n<p><span>Alimentele, al\u0103turi de ap\u0103, sunt una dintre sursele de baz\u0103 ale vie\u021bii. Suntem exper\u021bi \u00eentr-o mare varietate de analize \u0219i, prin urmare, avem capacitatea de a asigura igiena \u0219i calitatea produselor, \u00eenc\u0103 \u00eenainte de a intra pe pia\u021b\u0103.\u00a0\u00a0<\/span><br \/>\n<span style=\"text-decoration: underline\"><a href=\"https:\/\/www.veltialabs.gr\/ro\/industry\/food-feed\/\">mai multe<\/a><\/span><\/p>\n<\/div>\n<!-- \/tailor:tailor_content:62b3072f9afdr -->\n<\/div>\n<!-- \/tailor:tailor_grid_item:62b3072f9afds --><!-- tailor:tailor_grid_item:62b3072f9afdu -->\n<div class=\"tailor-grid__item tailor-62b3072f9afdu u-text-center u-align-top\">\n<!-- tailor:tailor_content:62b3072f9afdt -->\n<div class=\"tailor-element tailor-content homebox tailor-62b3072f9afdt\">\n<p><img decoding=\"async\" loading=\"lazy\" class=\"alignnone size-medium wp-image-1215\" src=\"https:\/\/www.veltialabs.gr\/wp-content\/uploads\/sites\/145\/2020\/12\/teaser-olives-300x300.jpg\" alt=\"\" width=\"300\" height=\"300\" srcset=\"https:\/\/www.veltialabs.gr\/ro\/wp-content\/uploads\/sites\/169\/2020\/12\/teaser-olives-300x300.jpg 300w, https:\/\/www.veltialabs.gr\/ro\/wp-content\/uploads\/sites\/169\/2020\/12\/teaser-olives-150x150.jpg 150w, https:\/\/www.veltialabs.gr\/ro\/wp-content\/uploads\/sites\/169\/2020\/12\/teaser-olives-350x350.jpg 350w, https:\/\/www.veltialabs.gr\/ro\/wp-content\/uploads\/sites\/169\/2020\/12\/teaser-olives.jpg 390w\" sizes=\"(max-width: 300px) 100vw, 300px\" \/><\/p>\n<h3>M\u0103sline &amp; Ulei de m\u0103sline<\/h3>\n<p><span><strong>Uleiul de m\u0103sline<\/strong>\u00a0\u0219i\u00a0<strong>M\u0103slinele<\/strong>\u00a0sunt unele dintre cele mai reprezentative produse ale Greciei, pentru care suntem cunoscu\u021bi la nivel mondial. VELTIA se m\u00e2ndre\u0219te cu capacitatea sa de a efectua analize de laborator de \u00eenalt\u0103 calitate at\u00e2t pentru cultivatori, c\u00e2t \u0219i pentru comercian\u021bi. <\/span><span>\u00a0<\/span><br \/>\n<span style=\"text-decoration: underline\"><a href=\"https:\/\/www.veltialabs.gr\/ro\/industry\/oils-olives\/\" target=\"_blank\" rel=\"noopener\">mai multe<\/a><\/span><\/p>\n<\/div>\n<!-- \/tailor:tailor_content:62b3072f9afdt -->\n<\/div>\n<!-- \/tailor:tailor_grid_item:62b3072f9afdu --><!-- tailor:tailor_grid_item:62b3072f9afdw -->\n<div class=\"tailor-grid__item tailor-62b3072f9afdw u-text-center u-align-top\">\n<!-- tailor:tailor_content:62b3072f9afdv -->\n<div class=\"tailor-element tailor-content homebox tailor-62b3072f9afdv\">\n<p><img decoding=\"async\" loading=\"lazy\" class=\"alignnone size-medium wp-image-1216\" src=\"https:\/\/www.veltialabs.gr\/wp-content\/uploads\/sites\/145\/2020\/12\/teaser-water-300x300.jpg\" alt=\"\" width=\"300\" height=\"300\" srcset=\"https:\/\/www.veltialabs.gr\/ro\/wp-content\/uploads\/sites\/169\/2020\/12\/teaser-water-300x300.jpg 300w, https:\/\/www.veltialabs.gr\/ro\/wp-content\/uploads\/sites\/169\/2020\/12\/teaser-water-150x150.jpg 150w, https:\/\/www.veltialabs.gr\/ro\/wp-content\/uploads\/sites\/169\/2020\/12\/teaser-water-350x350.jpg 350w, https:\/\/www.veltialabs.gr\/ro\/wp-content\/uploads\/sites\/169\/2020\/12\/teaser-water.jpg 451w\" sizes=\"(max-width: 300px) 100vw, 300px\" \/><\/p>\n<h3>Ap\u0103 &amp; De\u0219euri<\/h3>\n<p><span>Cel mai important element pentru sus\u021binerea vie\u021bii este apa. Din 1992, VELTIA Labs for Life a fost considerat unul dintre cele mai bune laboratoare de analiz\u0103 a apei.\u00a0<\/span><br \/>\n<span style=\"text-decoration: underline\"><a href=\"https:\/\/www.veltialabs.gr\/ro\/industry\/water-waste\/\">mai multe<\/a><\/span><\/p>\n<\/div>\n<!-- \/tailor:tailor_content:62b3072f9afdv -->\n<\/div>\n<!-- \/tailor:tailor_grid_item:62b3072f9afdw --><!-- tailor:tailor_grid_item:62b3072f9afdy -->\n<div class=\"tailor-grid__item tailor-62b3072f9afdy u-text-center u-align-top\">\n<!-- tailor:tailor_content:62b3072f9afdx -->\n<div class=\"tailor-element tailor-content homebox tailor-62b3072f9afdx\">\n<p><img decoding=\"async\" loading=\"lazy\" class=\"alignnone size-medium wp-image-1217\" src=\"https:\/\/www.veltialabs.gr\/wp-content\/uploads\/sites\/145\/2020\/12\/teaser-soil-300x300.jpg\" alt=\"\" width=\"300\" height=\"300\" srcset=\"https:\/\/www.veltialabs.gr\/ro\/wp-content\/uploads\/sites\/169\/2020\/12\/teaser-soil-300x300.jpg 300w, https:\/\/www.veltialabs.gr\/ro\/wp-content\/uploads\/sites\/169\/2020\/12\/teaser-soil-150x150.jpg 150w, https:\/\/www.veltialabs.gr\/ro\/wp-content\/uploads\/sites\/169\/2020\/12\/teaser-soil-350x350.jpg 350w, https:\/\/www.veltialabs.gr\/ro\/wp-content\/uploads\/sites\/169\/2020\/12\/teaser-soil.jpg 500w\" sizes=\"(max-width: 300px) 100vw, 300px\" \/><\/p>\n<h3>Sol &amp; \u021aesuturi vegetale<\/h3>\n<p><span>Analiza solului \u0219i a \u021besuturilor vegetale este domeniul cu care VELTIA (anterior AGROLAB-RDS) \u0219i-a \u00eenceput activitatea \u00een urm\u0103 cu 28 de ani. Prin participarea noastr\u0103 la proiecte publice mari \u0219i prin cooperarea cu mari companii private, ne-am transformat \u00een liderul pie\u021bei grece\u0219ti din acest domeniu.\u00a0\u00a0<\/span><br \/>\n<span style=\"text-decoration: underline\"><a href=\"https:\/\/www.veltialabs.gr\/ro\/industry\/soil-plant-tissues\/\">mai multe<\/a><\/span><\/p>\n<\/div>\n<!-- \/tailor:tailor_content:62b3072f9afdx -->\n<\/div>\n<!-- \/tailor:tailor_grid_item:62b3072f9afdy --><!-- tailor:tailor_grid_item:62b3072f9afdq -->\n<div class=\"tailor-grid__item tailor-62b3072f9afdq u-text-center u-align-top\">\n<!-- tailor:tailor_content:62b3072f9afdp -->\n<div class=\"tailor-element tailor-content homebox tailor-62b3072f9afdp\">\n<p><img decoding=\"async\" loading=\"lazy\" class=\"alignnone size-medium wp-image-1207\" src=\"https:\/\/www.veltialabs.gr\/wp-content\/uploads\/sites\/145\/2020\/12\/teaser-Agroscience-300x298.jpg\" alt=\"\" width=\"300\" height=\"298\" srcset=\"https:\/\/www.veltialabs.gr\/ro\/wp-content\/uploads\/sites\/169\/2020\/12\/teaser-Agroscience-300x298.jpg 300w, https:\/\/www.veltialabs.gr\/ro\/wp-content\/uploads\/sites\/169\/2020\/12\/teaser-Agroscience-150x150.jpg 150w, https:\/\/www.veltialabs.gr\/ro\/wp-content\/uploads\/sites\/169\/2020\/12\/teaser-Agroscience.jpg 500w\" sizes=\"(max-width: 300px) 100vw, 300px\" \/><\/p>\n<h3>Teste \u00een teren<\/h3>\n<p><span>La VELTIA Labs for Life func\u021bioneaz\u0103 un Departament polivalent de Teste \u00een Teren, care este responsabil pentru realizarea studiilor la fa\u021ba locului (conducting field studies) cu scopul de a sprijini aprobarea noilor produse fitosanitare la nivel paneuropean.\u00a0<\/span><br \/>\n<span style=\"text-decoration: underline\"><a href=\"https:\/\/www.veltialabs.gr\/ro\/industry\/agroscience\/\">mai multe<\/a><\/span><\/p>\n<\/div>\n<!-- \/tailor:tailor_content:62b3072f9afdp -->\n<\/div>\n<!-- \/tailor:tailor_grid_item:62b3072f9afdq -->\n<\/div>\n<!-- \/tailor:tailor_grid:62b3072f9afdk -->\n<\/div>\n<\/div>\n<!-- \/tailor:tailor_section:62b3072f9afdb --><!-- tailor:tailor_section:62b3072f9afdh -->\n<div class=\"tailor-element tailor-section split-home tailor-62b3072f9afdh u-text-left\">\n<div class=\"tailor-section__content\">\n<!-- tailor:tailor_row:62b3072f9afdg -->\n<div class=\"tailor-element tailor-row tablet-columns tailor-62b3072f9afdg\">\n<!-- tailor:tailor_column:62b3072f9afdf -->\n<div class=\"tailor-column tailor-62b3072f9afdf u-text-left u-align-top u-text-left-mobile\">\n<!-- tailor:tailor_content:62b3072f9afde -->\n<div class=\"tailor-element tailor-content tailor-62b3072f9afde\">\n<h1 style=\"text-align: left;line-height: 1.25em;margin-bottom: 0.5em\">Veltia Labs for Life \u2013 o companie din Grupul Tentamus<\/h1>\n<p>VELTIA Labs for Life nu este o companie nou\u0103, ci num\u0103r\u0103 multe decenii de activitate! Dup\u0103 un trecut de succes \u00een domeniul analizei produselor agroalimentare \u0219i serviciilor de consultan\u021b\u0103, a venit momentul s\u0103 \u00eentoarcem pagina pentru a p\u0103\u0219i \u00een noi domenii \u0219i sectoare \u0219tiin\u021bifice. Acesta este doar \u00eenceputul transform\u0103rii admirabile \u0219i interesante a AGROLAB RDS \u00een VELTIA Labs for Life. Un nume care \u00een Grecia \u2013 \u021bara de origine \u2013 provine din cuv\u00e2ntul \u201e\u00eembun\u0103t\u0103\u021bire\u201d, care reprezint\u0103 pe deplin filozofia noastr\u0103. Compania VELTIA Labs for Life este membr\u0103 a grupului german de laboratoare\u00a0 <strong>\u201eTENTAMUS \u2013 Labs for Life\u201d<\/strong>, cu participarea grupului elen \u201e<strong>Efthymiadis Agrotechnology Group<\/strong>\u201d<\/p>\n<p>Suntem probabil cel mai mare furnizor de solu\u021bii complete de laborator \u0219i consultan\u021b\u0103 din Europa de Sud-Est. Compania deserve\u0219te \u00een principal sectorul agricol, industria alimentar\u0103 \u0219i de hran\u0103 pentru animale \u0219i sectorul protec\u021biei mediului.<\/p>\n<p>Serviciile de laborator sunt furnizate \u00een laboratoare acreditate independente, compuse din dou\u0103 unit\u0103\u021bi aflate la Salonic (2.500 m<sup>2<\/sup>) \u0219i la Atena (1.000 m<sup>2<\/sup>).<\/p>\n<\/div>\n<!-- \/tailor:tailor_content:62b3072f9afde -->\n<\/div>\n<!-- \/tailor:tailor_column:62b3072f9afdf --><!-- tailor:tailor_column:62b3072f9afdd -->\n<div class=\"tailor-column tailor-62b3072f9afdd\">\n<!-- tailor:tailor_content:62b3072f9afdc -->\n<div class=\"tailor-element tailor-content tailor-62b3072f9afdc\">\n<p>Pe l\u00e2ng\u0103 Analizele de Laborator, la VELTIA Labs for Life func\u021bioneaz\u0103 Departamentul de Teste \u00een Teren cu scopul aprob\u0103rii de noi produse fitosanitare, precum \u0219i Departamentul de Etichetare \u0219i Legisla\u021bie Alimentar\u0103.<\/p>\n<p>Compania este acreditat\u0103 \u0219i\/sau certificat\u0103 conform ISO 17025, QS, BNN, FOSFA, IOC, GAFTA \u0219i recent s-a al\u0103turat re\u021belei Relana. Astfel, avem posibilitatea de a oferi servicii complete \u0219i de \u00eenalt\u0103 calitate la care dorim s\u0103 aib\u0103 acces clien\u021bii no\u0219tri.<\/p>\n<p>VELTIA Labs for Life are filiale at\u00e2t \u00een Grecia c\u00e2t \u0219i \u00een str\u0103in\u0103tate, acestea fiind urm\u0103toarele:<\/p>\n<ul>\n<li><a href=\"https:\/\/www.envirolab.gr\/en\/\" target=\"_blank\" rel=\"noopener\">Envirolab Single Member PC, Volos, GR<\/a><\/li>\n<li><span>VELTIA Labs Crete\u2013 Be Safer<\/span>, Herakleion, GR<\/li>\n<li><span>VELTIA <\/span>Labs for Life Bulgaria Sltd, Sofia, BG<\/li>\n<li><a href=\"https:\/\/www.veltialabs.cy\/en\/\" target=\"_blank\" rel=\"noopener\"><span>VELTIA <\/span>Labs for Life Cyprus Ltd, Nicosia, CY<\/a><\/li>\n<li><span>VELTIA <\/span>Labs for Life, Bucure\u015fti, RO<\/li>\n<li>VELTIA Laboratuvar ve Dan\u0131\u015fmanl\u0131k Hizmetleri, A.\u015e., Antalya, TR<\/li>\n<\/ul>\n<p><strong><span>Vom fi foarte bucuro\u0219i s\u0103 r\u0103spundem la solicit\u0103rile \u0219i \u00eentreb\u0103rile dvs. \u0219i s\u0103 cre\u0103m o ofert\u0103 adaptat\u0103 nevoilor dumneavoastr\u0103.<\/span><\/strong><\/p>\n<\/div>\n<\/div>\n<p>&nbsp;<\/p>\n<\/div>\n<!-- \/tailor:tailor_row:62b3072f9afdg -->\n<\/div>\n<\/div>\n<!-- \/tailor:tailor_section:62b3072f9afdh --><!-- tailor:tailor_section:62b3072f9afdo -->\n<div class=\"tailor-element tailor-section tailor-62b3072f9afdo\">\n<div class=\"tailor-section__content\">\n<!-- tailor:tailor_content:62b3072f9afdn -->\n<div class=\"tailor-element tailor-content tailor-62b3072f9afdn\">\n<h1 style=\"text-align: center;margin-bottom: 1em\">Analizele noastre de laborator:<\/h1>\n<ul class=\"biglist row\">\n<li class=\"col-md-6\"><a href=\"https:\/\/www.veltialabs.gr\/ro\/lab-services\/physio-chemical\/\">Fizico-chimice<\/a><\/li>\n<li class=\"col-md-6\"><a href=\"https:\/\/www.veltialabs.gr\/ro\/lab-services\/instrumental\/\">Instrumentale<\/a><\/li>\n<li class=\"col-md-6\"><a href=\"https:\/\/www.veltialabs.gr\/ro\/lab-services\/microbiological\/\">Microbiologice<\/a><\/li>\n<li class=\"col-md-6\"><a href=\"https:\/\/www.veltialabs.gr\/ro\/lab-services\/molecular\/\">Moleculare<\/a><\/li>\n<li class=\"col-md-6\"><a href=\"https:\/\/www.veltialabs.gr\/ro\/lab-services\/sensorial\/\">Teste organoleptice<\/a><\/li>\n<\/ul>\n<\/div>\n<!-- \/tailor:tailor_content:62b3072f9afdn -->\n<\/div>\n<\/div>\n<!-- \/tailor:tailor_section:62b3072f9afdo --><!-- tailor:tailor_section:62b3072f9afdm -->\n<div class=\"tailor-element tailor-section tailor-62b3072f9afdm\">\n<div class=\"tailor-section__content\">\n<!-- tailor:tailor_content:62b3072f9afdl -->\n<div class=\"tailor-element tailor-content tailor-62b3072f9afdl\">\n<h2 class=\"arrow\" style=\"text-align: center\"><a href=\"https:\/\/www.bilacon.de\/en\/news\/\" target=\"_blank\" rel=\"noopener\"><span>Lates News<\/span><\/a><\/h2>\n<p><span><\/span><\/p>\n<\/div>\n<!-- \/tailor:tailor_content:62b3072f9afdl -->\n<\/div>\n<\/div>\n","protected":false},"excerpt":{"rendered":"<p>Bine a\u021bi venit! Fructe &amp; Legume Analizele de fructe \u0219i legume au o importan\u021b\u0103 crucial\u0103 pentru asigurarea s\u0103n\u0103t\u0103\u021bii \u0219i siguran\u021bei consumatorului.\u00a0 Analizele de fructe \u0219i legume se efectueaz\u0103 \u00een ambele unit\u0103\u021bi ale VELTIA (Salonic \u0219i Atena).\u00a0\u00a0 mai multe Alimente &amp; Hran\u0103 pentru animale Alimentele, al\u0103turi de ap\u0103, sunt una dintre sursele de baz\u0103 ale vie\u021bii.<\/p>\n","protected":false},"author":2,"featured_media":1087,"parent":0,"menu_order":0,"comment_status":"closed","ping_status":"closed","template":"","meta":{"inline_featured_image":false},"acf":false,"_links":{"self":[{"href":"https:\/\/www.veltialabs.gr\/ro\/wp-json\/wp\/v2\/pages\/7"}],"collection":[{"href":"https:\/\/www.veltialabs.gr\/ro\/wp-json\/wp\/v2\/pages"}],"about":[{"href":"https:\/\/www.veltialabs.gr\/ro\/wp-json\/wp\/v2\/types\/page"}],"author":[{"embeddable":true,"href":"https:\/\/www.veltialabs.gr\/ro\/wp-json\/wp\/v2\/users\/2"}],"replies":[{"embeddable":true,"href":"https:\/\/www.veltialabs.gr\/ro\/wp-json\/wp\/v2\/comments?post=7"}],"version-history":[{"count":115,"href":"https:\/\/www.veltialabs.gr\/ro\/wp-json\/wp\/v2\/pages\/7\/revisions"}],"predecessor-version":[{"id":2218,"href":"https:\/\/www.veltialabs.gr\/ro\/wp-json\/wp\/v2\/pages\/7\/revisions\/2218"}],"wp:featuredmedia":[{"embeddable":true,"href":"https:\/\/www.veltialabs.gr\/ro\/wp-json\/wp\/v2\/media\/1087"}],"wp:attachment":[{"href":"https:\/\/www.veltialabs.gr\/ro\/wp-json\/wp\/v2\/media?parent=7"}],"curies":[{"name":"wp","href":"https:\/\/api.w.org\/{rel}","templated":true}]}}