{"id":1169,"date":"2020-12-22T13:18:55","date_gmt":"2020-12-22T12:18:55","guid":{"rendered":"http:\/\/www.tentamus.com\/agrolab-thessaloniki-en\/?page_id=1169"},"modified":"2026-04-20T10:02:14","modified_gmt":"2026-04-20T07:02:14","slug":"accreditations-certifications","status":"publish","type":"page","link":"https:\/\/www.veltialabs.gr\/ro\/accreditations-certifications\/","title":{"rendered":"Acredit\u0103ri &amp; Certific\u0103ri"},"content":{"rendered":"<div class=\"tailor-element tailor-section tailor-600acdde37322\">\n<div class=\"tailor-section__content\">\n<!-- tailor:tailor_content:600acdde37323 --><\/p>\n<div class=\"tailor-element tailor-content tailor-600acdde37323\">\n<h1 style=\"text-align: center\">Acredit\u0103ri \u0219i Certific\u0103ri<\/h1>\n<\/div>\n<!-- \/tailor:tailor_content:600acdde37323 --><!-- tailor:tailor_content:600acdde37343 --><\/p>\n<div class=\"tailor-element tailor-content tailor-600acdde37343\">\n<p style=\"text-align: center\">Pentru noi, cei de la VELTIA Labs for Life, furnizarea de servicii optime de \u00eenalt\u0103 calitate a fost \u00eentotdeauna prima noastr\u0103 prioritate. Ast\u0103zi suntem una dintre primele companii din Grecia care opereaz\u0103 conform sistemelor de calitate <strong>ISO 17025<\/strong>, <strong>GLP<\/strong>, <strong>GEP<\/strong> \u0219i cu aprobarea multor organiza\u021bii, precum <strong>QS<\/strong>, <strong>BNN<\/strong>, <strong>GAFTA<\/strong>, <strong>IOC<\/strong> \u0219i <strong>FOSFA<\/strong>. \u00cen ceea ce prive\u0219te I<strong>SO 17025:2017<\/strong>, acreditarea noastr\u0103 de c\u0103tre Consiliul Na\u021bional de Acreditare (ESYD) este \u201emulti-site\u201d at\u00e2t pentru laboratorul din Salonic, c\u00e2t \u0219i pentru laboratorul din Atena. Aceast\u0103 acreditare acoper\u0103 toate laboratoarele individuale ale companiei, pentru o gam\u0103 larg\u0103 de teste de laborator, metode \u0219i produse. <span class=\"Apple-converted-space\">\u00a0<\/span><\/p>\n<p style=\"text-align: center\">Cel mai recent mare succes al nostru este c\u0103 am devenit membru al re\u021belei de laboratoare relana\u00ae. <span class=\"Apple-converted-space\">\u00a0<\/span><\/p>\n<\/div>\n<!-- \/tailor:tailor_content:600acdde37343 --><!-- tailor:tailor_content:600acdde37344 --><\/p>\n<div class=\"tailor-element tailor-content tailor-600acdde37344\">\n<h2 style=\"margin-bottom: 1em\">ISO 17025:2017<\/h2>\n<p>Pute\u021bi vizualiza certificatul de acreditare ISO 17025:2017 pentru laboratoarele de testare VELTIA <a href=\"https:\/\/www.veltialabs.gr\/ro\/wp-content\/uploads\/sites\/169\/2025\/09\/1.VELTIA-Accreditation-Certificate_ENG.pdf\" target=\"_blank\" rel=\"noopener\"><u>aici<\/u><\/a> \u0219i pentru laboratorul de testare organoleptic\u0103 <a href=\"https:\/\/www.veltialabs.gr\/ro\/wp-content\/uploads\/sites\/169\/2024\/04\/Organoleptic_Certificate_ENG.pdf\" target=\"_blank\" rel=\"noopener\"><u>aici<\/u><\/a>.<\/p>\n<p><a href=\"https:\/\/www.veltialabs.gr\/ro\/wp-content\/uploads\/sites\/169\/2025\/12\/Veltia_scope_44_9_Sindos_En.pdf\" target=\"_blank\" rel=\"noopener\"><u>Domeniul de acreditare a laboratorului din Salonic<\/u><\/a><\/p>\n<p><span style=\"background-color: transparent;color: inherit;font-size: 1em\"><\/span><u><a href=\"https:\/\/www.veltialabs.gr\/ro\/wp-content\/uploads\/sites\/169\/2025\/12\/Veltia_scope_44_9_Markopoulo_En.pdf\" target=\"_blank\" rel=\"noopener\">Domeniul de acreditare a laboratorului din Atena<\/a><\/u><\/p>\n<p><a href=\"https:\/\/www.veltialabs.gr\/ro\/wp-content\/uploads\/sites\/169\/2025\/12\/Veltia_scope_44_9_Heraklion_En.pdf\" target=\"_blank\" rel=\"noopener\"><u>Domeniul de acreditare a laboratorului din Heraklion<\/u><\/a><br \/>\n<span style=\"background-color: transparent;color: inherit;font-size: 1em\"><\/span><\/p>\n<p><a href=\"https:\/\/www.veltialabs.gr\/ro\/wp-content\/uploads\/sites\/169\/2025\/12\/Veltia_scope_44_9_Kalamaria_En.pdf\" target=\"_blank\" rel=\"noopener\"><u>Domeniul de acreditare a laboratorului B din Salonic<\/u><\/a><\/p>\n<p><a href=\"https:\/\/www.veltialabs.gr\/ro\/wp-content\/uploads\/sites\/169\/2025\/12\/Organoleptic_Scope_ENG.pdf\" target=\"_blank\" rel=\"noopener\"><u>Domeniul de acreditare a laboratorului de organoleptic pentru uleiuri de M\u0103sline Virgine <\/u><\/a><\/p>\n<p><a href=\"https:\/\/www.veltialabs.gr\/ro\/wp-content\/uploads\/sites\/169\/2026\/03\/Veltialabs_Athens_05_03_2026_Flexible-Scope_ENG.pdf\" target=\"_blank\" rel=\"noopener\"><u>Lista activit\u0103\u021bilor acreditate (pentru domeniul flexibil) Etichetarea Nutri\u021bional\u0103 a Alimentelor, Mediu, Contaminatori \u0219i Produse Fitosanitare (Salonic)<\/u><\/a><\/p>\n<p><a href=\"https:\/\/www.veltialabs.gr\/ro\/wp-content\/uploads\/sites\/169\/2025\/12\/Veltialabs_Athens_12_12_2025_Flexible-Scope_ENG.pdf\" target=\"_blank\" rel=\"noopener\"><u>Lista activit\u0103\u021bilor acreditate (pentru domeniul flexibil) Reziduuri, Ulei \u0219i gr\u0103simi de m\u0103sline (Atena)<\/u><\/a><br \/>\n<!-- \/tailor:tailor_content:600acdde37344 --><!-- tailor:tailor_grid:600acdde37326 --><\/p>\n<div class=\"tailor-element tailor-grid tailor-grid--tablet tailor-grid--3 tailor-grid--bordered tailor-grid--growing tailor-600acdde37326\">\n<!-- tailor:tailor_grid_item:600acdde37325 --><\/p>\n<div class=\"tailor-grid__item tailor-600acdde37325\">\n<!-- tailor:tailor_content:600acdde37324 --><\/p>\n<div class=\"tailor-element tailor-content tailor-600acdde37324\">\n<h2 style=\"margin-bottom: 1em\">CERTIFICARE relana\u00ae<\/h2>\n<div>\u00cen 2021 compania VELTIA Labs for Life a devenit membr\u0103 a re\u021belei <a href=\"https:\/\/www.veltialabs.gr\/ro\/wp-content\/uploads\/sites\/169\/2025\/12\/relana-Membership-Certificate-VELTIA-S.A._2026.pdf\" target=\"_blank\" rel=\"noopener\"><u>relana\u00ae<\/u><\/a>, care este o re\u021bea de laboratoare de calitate \u00een domeniul pesticidelor \u0219i a reziduurilor de pesticide.<\/div>\n<\/div>\n<!-- \/tailor:tailor_content:600acdde37324 --><\/p>\n<\/div>\n<!-- \/tailor:tailor_grid_item:600acdde37325 --><!-- tailor:tailor_grid_item:600acdde37328 --><\/p>\n<div class=\"tailor-grid__item tailor-600acdde37328\">\n<!-- tailor:tailor_content:600acdde37327 --><\/p>\n<div class=\"tailor-element tailor-content tailor-600acdde37327\">\n<h2 style=\"margin-bottom: 1em\">CERTIFICAT QS<\/h2>\n<p>Din 2011 suntem un laborator aprobat conform QS (QS Fachgesellschaft Obst-Gemuse-Kartoffeln GmbH) pentru determinarea reziduurilor de pesticide. Aceast\u0103 aprobare ne ofer\u0103 acces pe pia\u021ba german\u0103 pentru analiza pesticidelor \u00een fructe \u0219i legume. Pentru a vizualiza Certificatul pentru Unitatea din Salonic face\u021bi clic <strong><a href=\"https:\/\/www.veltialabs.gr\/ro\/wp-content\/uploads\/sites\/169\/2025\/07\/Certificate-Thessaloniki.pdf\" target=\"_blank\" rel=\"noopener\"><u>aici<\/u><\/a><\/strong>, iar pentru Unitatea din Atena face\u021bi clic <strong><a href=\"https:\/\/www.veltialabs.gr\/ro\/wp-content\/uploads\/sites\/169\/2024\/01\/QS-Certificate_ATHENS.pdf\" target=\"_blank\" rel=\"noopener\"><u>aici<\/u><\/a><\/strong>.<\/p>\n<\/div>\n<!-- \/tailor:tailor_content:600acdde37327 --><\/p>\n<\/div>\n<!-- \/tailor:tailor_grid_item:600acdde37328 --><!-- tailor:tailor_grid_item:600acdde37330 --><\/p>\n<div class=\"tailor-grid__item tailor-600acdde37330\">\n<!-- tailor:tailor_content:600acdde37329 --><\/p>\n<div class=\"tailor-element tailor-content tailor-600acdde37329\">\n<h2 style=\"margin-bottom: 1em\">CERTIFICARE BNN<\/h2>\n<p>VELTIA Labs for Life este un laborator aprobat conform <a href=\"https:\/\/www.veltialabs.gr\/ro\/wp-content\/uploads\/sites\/169\/2025\/09\/BNN-APPROVAL.pdf\" target=\"_blank\" rel=\"noopener\"><u>BNN<\/u><\/a>\u00a0(Bundesverband Naturkost Naturwaren) din 31 mai 2018, pentru determinarea reziduurilor de Produse Fitosanitare \u00een fructe \u0219i legume biologice.<\/p>\n<p>Este de remarcat faptul c\u0103 suntem primul laborator din Grecia aprobat conform BNN. Pute\u021bi vizualiza Certificatul <a href=\"https:\/\/www.veltialabs.gr\/ro\/wp-content\/uploads\/sites\/169\/2025\/09\/BNN-APPROVAL.pdf\" target=\"_blank\" rel=\"noopener\"><u>aici<\/u><\/a>.<\/p>\n<\/div>\n<!-- \/tailor:tailor_content:600acdde37329 --><\/p>\n<\/div>\n<!-- \/tailor:tailor_grid_item:600acdde37330 --><!-- tailor:tailor_grid_item:600acdde37332 --><\/p>\n<div class=\"tailor-grid__item tailor-600acdde37332\">\n<!-- tailor:tailor_content:600acdde37331 --><\/p>\n<div class=\"tailor-element tailor-content tailor-600acdde37331\">\n<h2 style=\"margin-bottom: 1em\">CERTIFICARE FOSFA<\/h2>\n<p><span>Compania VELTIA Labs for Life a fost aprobat\u0103 ca laborator colaborator de c\u0103tre organiza\u021bia <a href=\"https:\/\/www.veltialabs.gr\/ro\/wp-content\/uploads\/sites\/169\/2025\/09\/Membership-Certificate-2025-OLIGR00.pdf\" target=\"_blank\" rel=\"noopener\"><u>FOSFA<\/u><\/a>.\u00a0 FOSFA (Federation of Oils, Seeds &amp; Fats Associations Ltd) se ocup\u0103 de comer\u021bul mondial de semin\u021be oleaginoase, uleiuri \u0219i gr\u0103simi cu 1.103 membri \u00een 89 de \u021b\u0103ri. Pe plan interna\u021bional, 85% din comer\u021bul mondial cu uleiuri \u0219i gr\u0103simi este tranzac\u021bionat prin contracte FOSFA.\u00a0<\/span><\/p>\n<p>&nbsp;<\/p>\n<\/div>\n<\/div>\n<!-- \/tailor:tailor_grid_item:600acdde37332 --><!-- tailor:tailor_grid_item:600acdde37334 --><\/p>\n<div class=\"tailor-grid__item tailor-600acdde37334\">\n<!-- tailor:tailor_content:600acdde37333 --><\/p>\n<div class=\"tailor-element tailor-content tailor-600acdde37333\">\n<h2 style=\"margin-bottom: 1em\">CERTIFICARE IOC<\/h2>\n<p>Consiliul Interna\u021bional al Uleiului de M\u0103sline este singura organiza\u021bie interna\u021bional\u0103 din lume, \u00een domeniul uleiului de m\u0103sline \u0219i m\u0103slinelor de mas\u0103, sub auspiciile Na\u021biunilor Unite \u0219i suntem un laborator aprobat de acesta. Dac\u0103 dori\u021bi s\u0103 vizualiza\u021bi Certificatul IOC al VELTIA, pute\u021bi face clic <a href=\"https:\/\/www.veltialabs.gr\/ro\/wp-content\/uploads\/sites\/169\/2026\/03\/IOC-International-Olive-Council-Certificate.pdf\" target=\"_blank\" rel=\"noopener\"><u>aici<\/u><\/a>\u00a0\u00een timp ce de <a href=\"https:\/\/www.veltialabs.gr\/ro\/wp-content\/uploads\/sites\/169\/2026\/04\/VELTIA-GREECE-IOC-CERTIFICATE_Organoleptic_2026.pdf\" target=\"_blank\" rel=\"noopener\"><u>aici<\/u><\/a>\u00a0pute\u021bi vedea certificatul IOC pentru evaluarea organoleptic\u0103 a uleiurilor de m\u0103sline virgine.<\/p>\n<\/div>\n<!-- \/tailor:tailor_content:600acdde37333 --><\/p>\n<\/div>\n<!-- \/tailor:tailor_grid_item:600acdde37334 --><!-- tailor:tailor_grid_item:600acdde37336 --><\/p>\n<div class=\"tailor-grid__item tailor-600acdde37336\">\n<!-- tailor:tailor_content:600acdde37335 --><\/p>\n<div class=\"tailor-element tailor-content tailor-600acdde37335\">\n<h2 style=\"margin-bottom: 1em\">CERTIFICARE GAFTA<\/h2>\n<p>Suntem primul laborator din Grecia care a fost aprobat de <strong><span style=\"text-decoration: underline\"><a href=\"https:\/\/www.gafta.com\/Directory-Detail\/119808\" target=\"_blank\" rel=\"noopener\">GAFTA<\/a><\/span><\/strong> pentru analiza cerealelor \u0219i furajelor, conform specifica\u021biilor sale.<\/p>\n<\/div>\n<!-- \/tailor:tailor_content:600acdde37335 --><\/p>\n<\/div>\n<!-- \/tailor:tailor_grid_item:600acdde37336 --><!-- tailor:tailor_grid_item:600acdde37338 --><\/p>\n<div class=\"tailor-grid__item tailor-600acdde37338\">\n<!-- tailor:tailor_content:600acdde37337 --><\/p>\n<div class=\"tailor-element tailor-content tailor-600acdde37337\">\n<h2 style=\"margin-bottom: 1em\">ADEVERIN\u021a\u0102 GEP<\/h2>\n<p><span>VELTIA Labs for Life de\u021bine O Adeverin\u021b\u0103 de organizare \u0219i func\u021bionare \u00een conformitate cu Principiile de Bun\u0103 Practic\u0103 de Laborator (GLP) pentru efectuarea studiilor de reziduuri de pesticide \u00een c\u00e2mp de c\u0103tre Laboratorul de Chimie General\u0103 de Stat. [Num\u0103r adeverin\u021b\u0103 No. 67\/2019]\u00a0<\/span><\/p>\n<p align=\"justify\">\u0393\u03b9\u03b1 Pentru a vizualiza Adeverin\u021ba GLP face\u021bi <a href=\"https:\/\/www.veltialabs.gr\/ro\/wp-content\/uploads\/sites\/169\/2025\/09\/GEP_ENG.pdf\" target=\"_blank\" rel=\"noopener\"><u>clic aici<\/u><\/a>.<\/p>\n<\/div>\n<!-- \/tailor:tailor_content:600acdde37337 --><\/p>\n<\/div>\n<!-- \/tailor:tailor_grid_item:600acdde37338 --><!-- tailor:tailor_grid_item:600acdde37340 --><\/p>\n<div class=\"tailor-grid__item tailor-600acdde37340\">\n<!-- tailor:tailor_content:600acdde37339 --><\/p>\n<div class=\"tailor-element tailor-content tailor-600acdde37339\">\n<h2 style=\"margin-bottom: 1em\">ADEVERIN\u021a\u0102 GLP<\/h2>\n<p><span>\u00cen plus, VELTIA Labs for Life de\u021bine o Recunoa\u0219tere Oficial\u0103 a Func\u021bion\u0103rii unei Unit\u0103\u021bi Experimentale conform Principiilor de Bun\u0103 Practic\u0103 Experimental\u0103 pentru Eficacitatea Pesticidelor (GEP) cu privire la efectuarea de teste \u0219i experimente biologice pe teren \u0219i \u00een mediu controlat din partea Ministerului Dezvolt\u0103rii Agricole \u0219i Alimentelor. [Num\u0103r certificat 131\/2025]\u00a0<\/span><\/p>\n<p><span>Pentru a vizualiza Adeverin\u021ba GEP face\u021bi <a href=\"https:\/\/www.veltialabs.gr\/ro\/wp-content\/uploads\/sites\/169\/2025\/07\/GLP_ENG_202507.pdf\" target=\"_blank\" rel=\"noopener\"><u>clic aici<\/u><\/a><\/span>.<\/p>\n<\/div>\n<!-- \/tailor:tailor_content:600acdde37339 --><\/p>\n<\/div>\n<!-- \/tailor:tailor_grid_item:600acdde37340 --><!-- tailor:tailor_grid_item:600acdde37342 --><\/p>\n<!-- \/tailor:tailor_grid_item:600acdde37342 --><\/p>\n<\/div>\n<!-- \/tailor:tailor_grid:600acdde37326 --><\/p>\n<\/div>\n<\/div>\n<\/div>\n","protected":false},"excerpt":{"rendered":"<p>Acredit\u0103ri \u0219i Certific\u0103ri Pentru noi, cei de la VELTIA Labs for Life, furnizarea de servicii optime de \u00eenalt\u0103 calitate a fost \u00eentotdeauna prima noastr\u0103 prioritate. Ast\u0103zi suntem una dintre primele companii din Grecia care opereaz\u0103 conform sistemelor de calitate ISO 17025, GLP, GEP \u0219i cu aprobarea multor organiza\u021bii, precum QS, BNN, GAFTA, IOC \u0219i FOSFA.<\/p>\n","protected":false},"author":42,"featured_media":0,"parent":0,"menu_order":0,"comment_status":"closed","ping_status":"closed","template":"","meta":{"inline_featured_image":false},"acf":false,"_links":{"self":[{"href":"https:\/\/www.veltialabs.gr\/ro\/wp-json\/wp\/v2\/pages\/1169"}],"collection":[{"href":"https:\/\/www.veltialabs.gr\/ro\/wp-json\/wp\/v2\/pages"}],"about":[{"href":"https:\/\/www.veltialabs.gr\/ro\/wp-json\/wp\/v2\/types\/page"}],"author":[{"embeddable":true,"href":"https:\/\/www.veltialabs.gr\/ro\/wp-json\/wp\/v2\/users\/42"}],"replies":[{"embeddable":true,"href":"https:\/\/www.veltialabs.gr\/ro\/wp-json\/wp\/v2\/comments?post=1169"}],"version-history":[{"count":219,"href":"https:\/\/www.veltialabs.gr\/ro\/wp-json\/wp\/v2\/pages\/1169\/revisions"}],"predecessor-version":[{"id":2235,"href":"https:\/\/www.veltialabs.gr\/ro\/wp-json\/wp\/v2\/pages\/1169\/revisions\/2235"}],"wp:attachment":[{"href":"https:\/\/www.veltialabs.gr\/ro\/wp-json\/wp\/v2\/media?parent=1169"}],"curies":[{"name":"wp","href":"https:\/\/api.w.org\/{rel}","templated":true}]}}