{"id":1143,"date":"2020-12-21T14:52:11","date_gmt":"2020-12-21T13:52:11","guid":{"rendered":"http:\/\/www.tentamus.com\/agrolab-thessaloniki-en\/?page_id=1143"},"modified":"2025-02-20T10:02:30","modified_gmt":"2025-02-20T08:02:30","slug":"about-us","status":"publish","type":"page","link":"https:\/\/www.veltialabs.gr\/ro\/about-us\/","title":{"rendered":"Compania"},"content":{"rendered":"<!-- tailor:tailor_section:63ca4080ee6ce -->\n<div class=\"tailor-element tailor-section tailor-63ca4080ee6ce\">\n<div class=\"tailor-section__content\">\n<!-- tailor:tailor_content:63ca4080ee6cf -->\n<div class=\"tailor-element tailor-content tailor-63ca4080ee6cf\">\n<p style=\"text-align: center\"><strong>\u201ePe o pia\u021b\u0103 \u00een care to\u021bi arat\u0103 la fel, acela care este diferit va ie\u0219i \u00een eviden\u021b\u0103\u201d &#8211; Diversitate\u00a0<\/strong><\/p>\n<\/div>\n<!-- \/tailor:tailor_content:63ca4080ee6cf --><!-- tailor:tailor_row:63ca4080ee6ch -->\n<div class=\"tailor-element tailor-row tablet-columns tailor-63ca4080ee6ch\">\n<!-- tailor:tailor_column:63ca4080ee6cg -->\n<div class=\"tailor-column tailor-63ca4080ee6cg\">\n<!-- tailor:tailor_content:63ca4080ee6ci -->\n<div class=\"tailor-element tailor-content tailor-63ca4080ee6ci\">\n<p><strong>Misiunea noastr\u0103<\/strong><\/p>\n<p>VELTIA Labs for Life \u00ee\u0219i desf\u0103\u0219oar\u0103 activitatea \u00een furnizarea de solu\u021bii de laborator \u0219i de consultan\u021b\u0103 prin excelen\u021b\u0103 \u00een calitate, fiabilitate \u0219i dezvoltare continu\u0103 astfel \u00eenc\u00e2t clien\u021bii s\u0103i \u0219i pia\u021ba \u00een general s\u0103 se bucure de servicii excelente la pre\u021buri competitive care r\u0103spund pe deplin nevoilor acestora.<\/p>\n<p>Angajamentul companiei este crearea continu\u0103 de valoare pentru angaja\u021bi, societate \u0219i ac\u021bionari.<\/p>\n<\/div>\n<!-- \/tailor:tailor_content:63ca4080ee6ci -->\n<\/div>\n<!-- \/tailor:tailor_column:63ca4080ee6cg --><!-- tailor:tailor_column:63ca4080ee6ck -->\n<div class=\"tailor-column tailor-63ca4080ee6ck\">\n<!-- tailor:tailor_content:63ca4080ee6cj -->\n<div class=\"tailor-element tailor-content tailor-63ca4080ee6cj\">\n<p><strong>Valori fundamentale<\/strong><\/p>\n<ul>\n<li>Calitate, ca avantaj competitiv<\/li>\n<li>Inova\u021bie, ca vector de cre\u0219tere<\/li>\n<li>Deservirea clientului, ca prioritate<\/li>\n<li>Superioritate evident\u0103 \u0219i men\u021binerea reputa\u021biei \u00eenalte a companiei, ca ghid<\/li>\n<\/ul>\n<\/div>\n<!-- \/tailor:tailor_content:63ca4080ee6cj -->\n<\/div>\n<!-- \/tailor:tailor_column:63ca4080ee6ck -->\n<\/div>\n<!-- \/tailor:tailor_row:63ca4080ee6ch -->\n<\/div>\n<\/div>\n<!-- \/tailor:tailor_section:63ca4080ee6ce --><!-- tailor:tailor_section:63ca4080ee6cd -->\n<div class=\"tailor-element tailor-section tailor-63ca4080ee6cd\">\n<div class=\"tailor-section__content\">\n<!-- tailor:tailor_box:63ca4080ee6cc -->\n<div class=\"tailor-element tailor-box tailor-box--icon tailor-63ca4080ee6cc\">\n<div class=\"tailor-box__content\">\n<div class=\"tailor-element tailor-content tailor-63ca4080ee6dr\">\n<p>&nbsp;<\/p>\n<\/div>\n<!-- \/tailor:tailor_content:63ca4080ee6dr -->\n<\/div>\n<\/div>\n<!-- \/tailor:tailor_box:63ca4080ee6cc --><!-- tailor:tailor_content:63ca4080ee6ds -->\n<div class=\"tailor-element tailor-content tailor-63ca4080ee6ds\">\n<h1 id=\"management\" style=\"padding-top: 1em;margin-bottom: 1em\"><span>Management\u00a0<\/span><\/h1>\n<\/div>\n<!-- \/tailor:tailor_content:63ca4080ee6ds --><!-- tailor:tailor_row:63ca4080ee6cm -->\n<div class=\"tailor-element tailor-row tablet-columns tailor-63ca4080ee6cm\">\n<!-- tailor:tailor_column:63ca4080ee6cl -->\n<div class=\"tailor-column tailor-63ca4080ee6cl\">\n<!-- tailor:tailor_content:63ca4080ee6cn -->\n<div class=\"tailor-element tailor-content tailor-63ca4080ee6cn\">\n<div style=\"color: transparent;min-height: 150px;min-width: 100px\">.<\/div>\n<\/div>\n<!-- \/tailor:tailor_content:63ca4080ee6cn -->\n<\/div>\n<!-- \/tailor:tailor_column:63ca4080ee6cl --><!-- tailor:tailor_column:63ca4080ee6cp -->\n<div class=\"tailor-column tailor-63ca4080ee6cp\">\n<!-- tailor:tailor_content:63ca4080ee6co -->\n<div class=\"tailor-element tailor-content tailor-63ca4080ee6co\">\n<p><strong>Efthymios Efthymiadis<\/strong><\/p>\n<p>Dl Efthymios Efthymiadis de\u021bine o diplom\u0103 de master de \u201eInginer de produc\u021bie \u0219i de management\u201d de la University of Manchester, Institute of Science and Technology. Vorbe\u0219te limba englez\u0103, german\u0103, francez\u0103 \u0219i pu\u021bin limba spaniol\u0103. \u0218i-a \u00eenceput cariera la PROCTER &amp; GAMBLE \u00een centrul de cercetare din Londra, pe care a continuat-o \u00een afacerile Grupului EFTHYMIADI, ini\u021bial ca Director Tehnic Asistent al fabricii K+N EFTHYMIADI, apoi ca Director de Marketing al NETAGRO iar ulterior ca Director General al BIOS AGROSYSTEMS.<\/p>\n<p>\u00cen prezent de\u021bine func\u021bia de Pre\u0219edinte al Consiliului de Administra\u021bie al VELTIA Labs for Life \u0219i este Directorul General al BIOS AGROSYSTEMS ABEE \u0219i HELLENIC FARMING S.A. Este, de asemenea, \u0219i Vicepre\u0219edinte al VITRO S.A. \u0219i Vicepre\u0219edinte al societ\u0103\u021bii-mam\u0103 a Grupului Efthymiadis REDESTOS S.A. Mai de\u021bine \u0219i func\u021bia de Pre\u0219edinte al Uniunii Produc\u0103torilor \u0219i Comercian\u021bilor de Semin\u021be din Grecia (EEPES) \u0219i de Secretar General al Asocia\u021biei Industriilor din Nordul Greciei (SVEE).<\/p>\n<\/div>\n<!-- \/tailor:tailor_content:63ca4080ee6co -->\n<\/div>\n<!-- \/tailor:tailor_column:63ca4080ee6cp -->\n<\/div>\n<!-- \/tailor:tailor_row:63ca4080ee6cm --><!-- tailor:tailor_row:63ca4080ee6cr -->\n<div class=\"tailor-element tailor-row tablet-columns tailor-63ca4080ee6cr\">\n<!-- tailor:tailor_column:63ca4080ee6cq -->\n<div class=\"tailor-column tailor-63ca4080ee6cq\">\n<!-- tailor:tailor_content:63ca4080ee6cs -->\n<div class=\"tailor-element tailor-content tailor-63ca4080ee6cs\">\n<div style=\"color: transparent;min-height: 150px;min-width: 100px\">.<\/div>\n<\/div>\n<!-- \/tailor:tailor_content:63ca4080ee6cs -->\n<\/div>\n<!-- \/tailor:tailor_column:63ca4080ee6cq --><!-- tailor:tailor_column:63ca4080ee6cu -->\n<div class=\"tailor-column tailor-63ca4080ee6cu\">\n<!-- tailor:tailor_content:63ca4080ee6ct -->\n<div class=\"tailor-element tailor-content tailor-63ca4080ee6ct\">\n<p><strong>Alexandros Giannousios\u00a0<\/strong><\/p>\n<p>Dl Alexandros Giannousios este absolvent al Facult\u0103\u021bii de Chimie a Universit\u0103\u021bii Aristotel din Salonic, de unde i s-a conferit titlul de Doctor \u00een Chimie Analitic\u0103 \u00een 1996. De\u021bine o Diplom\u0103 de Master \u00een Administrarea Afacerilor (MBA) de la Kingston University, Regatul Unit.<\/p>\n<p>De-a lungul carierei sale, a lucrat pe post de chimist analitic \u00een diverse laboratoare de testare a alimentelor \u0219i a apei.<\/p>\n<p>\u00cen 2001 s-a al\u0103turat laboratorului \u0219tiin\u021bific VELTIA Labs for Life (anterior AGROLAB-RDS) pe post de \u0219ef al Laboratorului de Analiz\u0103 de Mediu \u0219i Etichetare Nutri\u021bional\u0103 a Alimentelor. \u00cen 2003 a preluat sub responsabilitatea sa, ca Director Tehnic, toate laboratoarele companiei, men\u021bin\u00e2nd aceast\u0103 func\u021bie p\u00e2n\u0103 \u00een 2019, al\u0103turi de celelalte responsabilit\u0103\u021bi ale sale.\u00a0 \u00cen 2009 a preluat func\u021bia de Director General Adjunct, \u00een timp ce din 2010 a preluat Direc\u021bia General\u0103 a companiei, func\u021bie pe care o de\u021bine p\u00e2n\u0103 \u00een prezent.<\/p>\n<p>Este membru al Consiliului de Administra\u021bie al VELTIA GR, precum \u0219i membru al Consiliului de Administra\u021bie \u00een toate filialele Grupului de Laboratoare VELTIA Labs for Life.<\/p>\n<p>Este Pre\u0219edintele Consiliului de Administra\u021bie al \u00eentregului Grup de Laboratoare Veltia \u0219i, \u00een acela\u0219i timp, este Administratorul ENVIROLAB.<\/p>\n<\/div>\n<\/div>\n<\/div>\n<!-- \/tailor:tailor_row:63ca4080ee6cw --><!-- tailor:tailor_row:63ca4080ee6db -->\n<div class=\"tailor-element tailor-row tablet-columns tailor-63ca4080ee6db\">\n<!-- tailor:tailor_column:63ca4080ee6da -->\n<div class=\"tailor-column tailor-63ca4080ee6da\">\n<!-- tailor:tailor_content:63ca4080ee6dc -->\n<div class=\"tailor-element tailor-content tailor-63ca4080ee6dc\">\n<div style=\"color: transparent;min-height: 150px;min-width: 100px\">.<\/div>\n<\/div>\n<!-- \/tailor:tailor_content:63ca4080ee6dc -->\n<\/div>\n<!-- \/tailor:tailor_column:63ca4080ee6da --><!-- tailor:tailor_column:63ca4080ee6de -->\n<div class=\"tailor-column tailor-63ca4080ee6de\">\n<!-- tailor:tailor_content:63ca4080ee6dd -->\n<div class=\"tailor-element tailor-content tailor-63ca4080ee6dd\">\n<p><strong>Georgios Stratakis<\/strong><\/p>\n<p>Dl Stratakis de\u021bine diplome \u00een Agronomie, cu specializare \u00een Economia Agricol\u0103 (Universitatea Aristotel din Salonic), \u00een Tehnologie Agricol\u0103, cu specializare \u00een Produc\u021bia Vegetal\u0103 (Institutul Tehnologic de \u00cenv\u0103\u021b\u0103m\u00e2nt Alexandreio din Salonic), precum \u0219i un titlu de Master \u00een Administrarea Afacerilor (MBA) de la Kingston University, Marea Britanie.<\/p>\n<p>\u0218i-a \u00eenceput cariera profesional\u0103 \u00een 1998 la AGROLAB RDS (\u00een prezent VELTIA Labs for Life) ca Experimentator Agricol. Din 2001 p\u00e2n\u0103 \u00een 2004 a preluat func\u021bia de Manager de Asigurare a Calit\u0103\u021bii \u00een sistemul GLP, precum \u0219i instalarea sistemului ISO 17025 \u00een laboratoarele companiei. Din 2005 p\u00e2n\u0103 \u00een 2012 a fost Responsabilul de Marketing al companiei \u0219i a demarat, de asemenea, activit\u0103\u021bile companiei \u00een \u021b\u0103rile balcanice \u0219i \u00een Cipru. Din 2012 p\u00e2n\u0103 \u00een 2017 a fost \u0218ef al Departamentului de Marketing, Programe \u0219i Proiecte Majore, av\u00e2nd, de asemenea, responsabilitatea supravegherii filialelor companiei din \u021b\u0103rile balcanice. \u00cen 2018, i-au fost atribuite sarcinile de Director Comercial al VELTIA Labs for Life pentru Grecia \u0219i Balcani. De la \u00eenceputul anului 2022 \u0219i-a asumat rolul de Director Comercial al \u00eentregului Grup de Laboratoare VELTIA.<\/p>\n<\/div>\n<!-- \/tailor:tailor_content:63ca4080ee6dd -->\n<\/div>\n<!-- \/tailor:tailor_column:63ca4080ee6de -->\n<\/div>\n<!-- \/tailor:tailor_row:63ca4080ee6db --><!-- tailor:tailor_row:63ca4080ee6dg -->\n<div class=\"tailor-element tailor-row tablet-columns tailor-63ca4080ee6dg\">\n<!-- tailor:tailor_column:63ca4080ee6df -->\n<div class=\"tailor-column tailor-63ca4080ee6df\">\n<!-- tailor:tailor_content:63ca4080ee6dh -->\n<div class=\"tailor-element tailor-content tailor-63ca4080ee6dh\">\n<div style=\"color: transparent;min-height: 150px;min-width: 100px\">.<\/div>\n<\/div>\n<!-- \/tailor:tailor_content:63ca4080ee6dh -->\n<\/div>\n<!-- \/tailor:tailor_column:63ca4080ee6df --><!-- tailor:tailor_column:63ca4080ee6dj -->\n<div class=\"tailor-column tailor-63ca4080ee6dj\">\n<!-- tailor:tailor_content:63ca4080ee6di -->\n<div class=\"tailor-element tailor-content tailor-63ca4080ee6di\">\n<p><strong>Ioannis Kaidatzis\u00a0<\/strong><\/p>\n<p>Dl Ioannis Kaidatzis este absolvent al Facult\u0103\u021bii de Chimie a Universit\u0103\u021bii Aristotel din Salonic \u0219i de\u021bine o Diplom\u0103 de Master (MBA) de la Universitatea din Winchester, Regatul Unit.<\/p>\n<p>De-a lungul carierei sale, a lucrat pe post de chimist analitic pentru diverse companii chimice.<\/p>\n<p>\u00cen 2002 s-a al\u0103turat personalului \u0219tiin\u021bific al AGROLAB (\u00een prezent VELTIA Labs for Life) \u00een calitate de \u0219ef al laboratorului de contaminan\u021bi alimentari. Din 2010 este evaluator al Sistemului Na\u021bional de Acreditare (ESYD) pentru Laboratoare de Testare. Din 2014, concomitent cu func\u021bia de \u0219ef, \u0219i-a asumat \u0219i func\u021bia de Director Tehnic Adjunct.<\/p>\n<p>Din 2020 \u0219i p\u00e2n\u0103 \u00een prezent este responsabil de managementul tehnic al tuturor laboratoarelor companiei.<\/p>\n<\/div>\n<!-- \/tailor:tailor_content:63ca4080ee6di -->\n<\/div>\n<!-- \/tailor:tailor_column:63ca4080ee6dj -->\n<\/div>\n<!-- \/tailor:tailor_row:63ca4080ee6dg --><!-- tailor:tailor_row:63ca4080ee6dn -->\n<div class=\"tailor-element tailor-row tablet-columns tailor-63ca4080ee6dn\">\n<!-- tailor:tailor_column:63ca4080ee6dm -->\n<div class=\"tailor-column tailor-63ca4080ee6dm\">\n<!-- tailor:tailor_content:63ca4080ee6do -->\n<div class=\"tailor-element tailor-content tailor-63ca4080ee6do\">\n<div style=\"color: transparent;min-height: 150px;min-width: 100px\">.<\/div>\n<\/div>\n<!-- \/tailor:tailor_content:63ca4080ee6do -->\n<\/div>\n<!-- \/tailor:tailor_column:63ca4080ee6dm --><!-- tailor:tailor_column:63ca4080ee6dq -->\n<div class=\"tailor-column tailor-63ca4080ee6dq\">\n<!-- tailor:tailor_content:63ca4080ee6dp -->\n<div class=\"tailor-element tailor-content tailor-63ca4080ee6dp\">\n<p><strong>Panagiotis Konstantinou<\/strong><\/p>\n<p>Dl Panagiotis Konstantinou este absolvent al Facult\u0103\u021bii de Chimie a Universit\u0103\u021bii Na\u021bionale Capodistriene din Atena (EKPA), cu specializare \u00een analiza uleiului de m\u0103sline de la Istituto Sperimentale per la Elaiotecnica (Centrul de cercetare al statului italian pentru uleiul de m\u0103sline, m\u0103sline de mas\u0103 \u0219i cultivarea m\u0103slinelor).<\/p>\n<p>De-a lungul carierei sale, din 1996, a lucrat pe post de chimist analitic \u0219i de director de produc\u021bie \u00een laboratoare \u0219i \u00een unit\u0103\u021bi din industria uleiului de m\u0103sline \u0219i materiilor grase.<\/p>\n<p>Este un degust\u0103tor de ulei de m\u0103sline \u0219i membru al echipei (panel) de evaluare organoleptic\u0103 a Asocia\u021biei Industriilor de Standardizare a Uleiului de M\u0103sline din Grecia (SEVITEL). De asemenea, a fost membru al Comitetului Consultativ al Exper\u021bilor \u00een Chimie (SEHE) al asocia\u021biei.<\/p>\n<p>Din 2009 p\u00e2n\u0103 \u00een 2018 a de\u021binut laboratorul Olitecn (laborator analitic acreditat cu scopul exclusiv de a analiza uleiuri de m\u0103sline, gr\u0103simi \u0219i uleiuri vegetale \u0219i animale).<\/p>\n<p>\u00cen 2018, laboratorul Olitecn s-a fuzionat cu laboratorul de chimie al Agrolab \u0219i a fost transferat la sediul companiei Agrolab, acesta fiind al\u0103turat for\u021bei de munc\u0103 a Agrolab ca \u0219ef al laboratorului de analiz\u0103 a uleiului de m\u0103sline \u0219i a materiilor grase.<\/p>\n<p>Din iulie 2020, a preluat Direc\u021bia Unit\u0103\u021bii din Atena.<\/p>\n<p>&nbsp;<\/p>\n<\/div>\n<!-- \/tailor:tailor_content:6087bcbe088e6 -->\n<\/div>\n<!-- \/tailor:tailor_column:6087bcbe088e7 -->\n<\/div>\n<!-- \/tailor:tailor_row:6087bcbe088e4 -->\n<\/div>\n<\/div>\n<!-- \/tailor:tailor_section:6087bcbe088e0 --><!-- tailor:tailor_section:6087bcbe088e2 -->\n<div class=\"tailor-element tailor-section tailor-6087bcbe088e2\">\n<div class=\"tailor-section__content\">\n<div class=\"tailor-element tailor-content tailor-6087bcbe088e1\">\n<p style=\"text-align: center\">VELTIA Labs for Life GROUP<\/p>\n<p><img decoding=\"async\" loading=\"lazy\" class=\"aligncenter wp-image-2141 size-full\" src=\"https:\/\/www.veltialabs.gr\/ro\/wp-content\/uploads\/sites\/169\/2025\/02\/Organization_Chart_ENG.jpg\" alt=\"\" width=\"1280\" height=\"560\" srcset=\"https:\/\/www.veltialabs.gr\/ro\/wp-content\/uploads\/sites\/169\/2025\/02\/Organization_Chart_ENG.jpg 1280w, https:\/\/www.veltialabs.gr\/ro\/wp-content\/uploads\/sites\/169\/2025\/02\/Organization_Chart_ENG-300x131.jpg 300w, https:\/\/www.veltialabs.gr\/ro\/wp-content\/uploads\/sites\/169\/2025\/02\/Organization_Chart_ENG-1024x448.jpg 1024w, https:\/\/www.veltialabs.gr\/ro\/wp-content\/uploads\/sites\/169\/2025\/02\/Organization_Chart_ENG-768x336.jpg 768w\" sizes=\"(max-width: 1280px) 100vw, 1280px\" \/><\/p>\n<\/div>\n<p style=\"text-align: center\">Ne pute\u021bi vedea aici<\/p>\n<div class=\"tailor-responsive-embed\"><iframe title=\"Veltia Labs for Life Corporate Video\" src=\"https:\/\/www.youtube.com\/embed\/wfxT5M6d96E?feature=oembed\" frameborder=\"0\" allow=\"accelerometer; autoplay; clipboard-write; encrypted-media; gyroscope; picture-in-picture; web-share\" referrerpolicy=\"strict-origin-when-cross-origin\" allowfullscreen><\/iframe><\/div>\n<\/div>\n<\/div>\n","protected":false},"excerpt":{"rendered":"<p>\u201ePe o pia\u021b\u0103 \u00een care to\u021bi arat\u0103 la fel, acela care este diferit va ie\u0219i \u00een eviden\u021b\u0103\u201d &#8211; Diversitate\u00a0 Misiunea noastr\u0103 VELTIA Labs for Life \u00ee\u0219i desf\u0103\u0219oar\u0103 activitatea \u00een furnizarea de solu\u021bii de laborator \u0219i de consultan\u021b\u0103 prin excelen\u021b\u0103 \u00een calitate, fiabilitate \u0219i dezvoltare continu\u0103 astfel \u00eenc\u00e2t clien\u021bii s\u0103i \u0219i pia\u021ba \u00een general s\u0103 se<\/p>\n","protected":false},"author":42,"featured_media":1144,"parent":0,"menu_order":0,"comment_status":"closed","ping_status":"closed","template":"","meta":{"inline_featured_image":false},"acf":false,"_links":{"self":[{"href":"https:\/\/www.veltialabs.gr\/ro\/wp-json\/wp\/v2\/pages\/1143"}],"collection":[{"href":"https:\/\/www.veltialabs.gr\/ro\/wp-json\/wp\/v2\/pages"}],"about":[{"href":"https:\/\/www.veltialabs.gr\/ro\/wp-json\/wp\/v2\/types\/page"}],"author":[{"embeddable":true,"href":"https:\/\/www.veltialabs.gr\/ro\/wp-json\/wp\/v2\/users\/42"}],"replies":[{"embeddable":true,"href":"https:\/\/www.veltialabs.gr\/ro\/wp-json\/wp\/v2\/comments?post=1143"}],"version-history":[{"count":93,"href":"https:\/\/www.veltialabs.gr\/ro\/wp-json\/wp\/v2\/pages\/1143\/revisions"}],"predecessor-version":[{"id":2142,"href":"https:\/\/www.veltialabs.gr\/ro\/wp-json\/wp\/v2\/pages\/1143\/revisions\/2142"}],"wp:featuredmedia":[{"embeddable":true,"href":"https:\/\/www.veltialabs.gr\/ro\/wp-json\/wp\/v2\/media\/1144"}],"wp:attachment":[{"href":"https:\/\/www.veltialabs.gr\/ro\/wp-json\/wp\/v2\/media?parent=1143"}],"curies":[{"name":"wp","href":"https:\/\/api.w.org\/{rel}","templated":true}]}}