{"id":1137,"date":"2020-12-21T14:39:53","date_gmt":"2020-12-21T13:39:53","guid":{"rendered":"http:\/\/www.tentamus.com\/agrolab-thessaloniki-en\/?page_id=1137"},"modified":"2023-03-02T16:26:47","modified_gmt":"2023-03-02T14:26:47","slug":"consulting","status":"publish","type":"page","link":"https:\/\/www.veltialabs.gr\/ro\/consulting\/","title":{"rendered":"Servicii de consultan\u021b\u0103"},"content":{"rendered":"<!-- tailor:tailor_section:5fe0a79f9bbc6 -->\n<div class=\"tailor-element tailor-section tailor-5fe0a79f9bbc6\">\n<div class=\"tailor-section__content\">\n<!-- tailor:tailor_content:5fe0a79f9bbc7 -->\n<div class=\"tailor-element tailor-content tailor-5fe0a79f9bbc7\">\n<div>\n<h1 class=\"Text\"><span lang=\"EN-US\">Ave\u021bi \u00eencredere \u00een serviciile noastre de consultan\u021b\u0103 \u0219i folosi\u021bi timpul c\u00e2\u0219tigat pentru activitatea dvs. principal\u0103.\u00a0\u00a0<\/span><span lang=\"EN-GB\"><\/span><\/h1>\n<\/div>\n<\/div>\n<!-- \/tailor:tailor_content:5fe0a79f9bbc7 --><!-- tailor:tailor_content:5fe0a79f9bbc8 -->\n<div class=\"tailor-element tailor-content tailor-5fe0a79f9bbc8\">\n<h2 style=\"margin-bottom: 1em\">Verificarea etichetei \u0219i a legisla\u021biei<\/h2>\n<p><span>Serviciile noastre privesc \u00een principal alimentele, dar ne ocup\u0103m \u0219i de alimente pentru copii, hran\u0103 pentru animale, suplimente nutritive \u0219i produse cosmetice.\u00a0<\/span><\/p>\n<p>&nbsp;<\/p>\n<ul>\n<li>Verificarea etichetei pentru\u00a0Rom\u00e2nia, Bulgaria, Grecia \u0219i Cipru<\/li>\n<li>Traducerea etichetei din limba englez\u0103 \u0219i francez\u0103, pentru: Rom\u00e2nia, Bulgaria, Grecia \u0219i Cipru<\/li>\n<li>Consiliere legislativ\u0103 pentru Rom\u00e2nia, Bulgaria, Grecia \u0219i Cipru<\/li>\n<li>Formularea declara\u021biei nutri\u021bionale pentru \u021b\u0103rile UE \u0219i SUA, pe baza rezultatelor analizelor noastre de laborator<\/li>\n<li>Eliberarea de certificate \u00een conformitate cu legisla\u021bia din Rom\u00e2nia, Bulgaria, Grecia \u0219i Cipru<\/li>\n<\/ul>\n<p>Evaluarea rezultatelor analizelor de laborator<\/p>\n<ul>\n<li>Comercializabilitatea fructelor \u0219i legumelor pe pie\u021bele Uniunii Europene, \u00een ceea ce prive\u0219te reziduurile de pesticide (LMR\/ARfD) \u0219i substan\u021bele active aprobate, precum \u0219i aprobarea substan\u021belor active la nivel na\u021bional pentru Grecia \u0219i Cipru.<\/li>\n<li>Aviz\u0103ri pentru fructe \u0219i legume biologice, bazate pe aprob\u0103ri de substan\u021be active \u0219i\/sau pe directivele BNN.<\/li>\n<li>Comercializabilitatea alimentelor pentru copii, alimentelor \u0219i hranei pentru animale pentru orice analiz\u0103 care poate fi evaluat\u0103 pe baza legisla\u021biei (poluan\u021bi, aditivi alimentari, microbiologici etc. ) pentru Grecia, Cipru, Bulgaria \u0219i Rom\u00e2nia.<span>\u00a0<\/span><\/li>\n<\/ul>\n<p><span>Echipa noastr\u0103 este mereu la curent cu cele mai recente modific\u0103ri aduse legisla\u021biei.\u00a0<\/span><\/p>\n<\/div>\n<!-- \/tailor:tailor_content:5fe0a79f9bbc8 --><!-- tailor:tailor_content:5fe0a79f9bbc9 -->\n<div class=\"tailor-element tailor-content tailor-5fe0a79f9bbc9\">\n<h2 style=\"margin-bottom: 1em\"><strong>Prelevarea de mostre<\/strong><\/h2>\n<p><span>Prelevarea de mostre este crucial\u0103 pentru fiabilitatea rezultatelor de laborator. Acest lucru este valabil pentru majoritatea produselor. Prin urmare, exist\u0103 linii directoare specifice pentru diferite substraturi, cum ar fi solul, \u021besuturile vegetale \u0219i apa. VELTIA Labs for Life dispune de personal special instruit pentru a preleva mostre din fiecare dintre substraturile de mai sus.\u00a0\u00a0<\/span><\/p>\n<p><span>Prelevarea de mostre se concentreaz\u0103 \u00een principal pe:\u00a0<\/span><\/p>\n<ul>\n<li>Prelevarea de mostre de ap\u0103 potabil\u0103 pentru analize microbiologice, \u00een baza legisla\u021biei \u00een vigoare.<\/li>\n<li>Prelevarea de mostre de de\u0219euri pentru diver\u0219i parametri (chimici, microbiologici, SARS-CoV-2)<\/li>\n<li>Prelevarea de mostre de alimente pentru analize chimice \u0219i microbiologice<\/li>\n<li>Prelevarea de probe de fructe \u0219i legume pentru analiza reziduurilor de pesticide<\/li>\n<li>Prelevarea de mostre de pe suprafe\u021be (\u00een principal \u00een sectorul turistic \u2013 hoteluri, restaurante)<\/li>\n<\/ul>\n<p><span>Serviciile de prelevare de mostre de c\u0103tre echipa de exper\u021bi a VELTIA Labs for Life pot fi realizate \u00een urma program\u0103rii.\u00a0<\/span><\/p>\n<p><span>Prelevarea de mostre este acoperit\u0103 de domeniul nostru de acreditare pentru urm\u0103toarele substraturi:\u00a0\u00a0<\/span><\/p>\n<ul>\n<li>Suprafe\u021be, folosind be\u021bi\u0219oare (swabs) \u0219i pl\u0103ci de contact (contact plates)<\/li>\n<li>Ap\u0103: potabil\u0103, de foraj, de mare<\/li>\n<li>Produse agricole procesate \u0219i neprelucrate<\/li>\n<\/ul>\n<\/div>\n<div class=\"tailor-element tailor-content tailor-5fe0a79f9bbd0\">\n<h2 style=\"margin-bottom: 1em\"><strong>Teste organoleptice\u00a0<\/strong><\/h2>\n<p><span>Am \u00eenceput s\u0103 efectu\u0103m teste organoleptice pentru a r\u0103spunde nevoilor marilor comercian\u021bi, precum \u0219i a unor industrii alimentare. Laboratorul de teste organoleptice al VELTIA Labs for Life se afl\u0103 la sediul central al companiei din Salonic \u0219i este dotat cu 12 compartimente separate, c\u00e2te unul pentru fiecare testator.\u00a0\u00a0<\/span><\/p>\n<p><span>Scopul laboratorului este de a m\u0103sura, analiza \u0219i interpreta reac\u021biile la acele caracteristici ale alimentelor \u0219i b\u0103uturilor, care sunt percepute de sim\u021burile umane precum aspectul, gustul, atingerea \u0219i mirosul, cu scopul de a facilita clientul \u00een g\u0103sirea de produse competitive. Testele organoleptice pot fi folosite \u0219i pentru a evalua durata de valabilitate a unui produs.\u00a0\u00a0<\/span><\/p>\n<p>Principalele teste organoleptice sunt:<\/p>\n<ul>\n<li>Clasificarea produselor \u00een func\u021bie de gust. Primul \u00een clasament este cel mai bun \u0219i este urmat de celelalte, \u00een func\u021bie de notarea ob\u021binut\u0103 la evaluare.<\/li>\n<li>Analiza de descriere cantitativ\u0103, \u00een care se determin\u0103 intensitatea principalelor caracteristici ale probelor, folosind o scar\u0103 nenumerotat\u0103.<\/li>\n<li>\u00cencerc\u0103ri triunghiulare, \u00een care este posibil s\u0103 se determine mici diferen\u021be \u00eentre probe, pentru una sau mai multe caracteristici.<\/li>\n<\/ul>\n<\/div>\n<h2><\/h2>\n<h2 style=\"margin-bottom: 1em\">Turism \u0219i HORECA<\/h2>\n<p>VELTIA Labs for Life, \u00eempreun\u0103 cu BeSafer, ofer\u0103 servicii integrate \u0219i eficiente de consultan\u021b\u0103 sectorului turistic, precum \u0219i servicii de laborator. Prin pachetul \u201eTourism Analysis Package Pro (TAPP)\u201d \u0219i prin cooperarea noastr\u0103, oferim sectorului hotelier \u0219i sectorului HORECA nu doar analize de specialitate, ci \u0219i programe personalizate, care constituie un avantaj major pentru fiecare companie.<\/p>\n<p>Av\u00e2nd o experien\u021b\u0103 \u00eendelungat\u0103, suntem \u00een m\u0103sur\u0103 s\u0103 oferim analize \u021bintite, la intervale de timp corecte.<\/p>\n<div class=\"tailor-element tailor-content tailor-5fe0931645932\">\n<p>&nbsp;<\/p>\n<\/div>\n<div class=\"tailor-element tailor-content tailor-5fe0a79f9bbd0\">\n<p>V\u0103 st\u0103m mereu la dispozi\u021bie pentru a v\u0103 ajuta s\u0103 v\u0103 \u00eembun\u0103t\u0103\u021bi\u021bi produsele. Doar \u00eentreba\u021bi-ne&#8230;<\/p>\n<\/div>\n<!-- \/tailor:tailor_content:5fe0a79f9bbd0 -->\n<\/div>\n<\/div>\n<!-- \/tailor:tailor_section:5fe0a79f9bbc6 -->\n","protected":false},"excerpt":{"rendered":"<p>Ave\u021bi \u00eencredere \u00een serviciile noastre de consultan\u021b\u0103 \u0219i folosi\u021bi timpul c\u00e2\u0219tigat pentru activitatea dvs. principal\u0103.\u00a0\u00a0 Verificarea etichetei \u0219i a legisla\u021biei Serviciile noastre privesc \u00een principal alimentele, dar ne ocup\u0103m \u0219i de alimente pentru copii, hran\u0103 pentru animale, suplimente nutritive \u0219i produse cosmetice.\u00a0 &nbsp; Verificarea etichetei pentru\u00a0Rom\u00e2nia, Bulgaria, Grecia \u0219i Cipru Traducerea etichetei din limba englez\u0103<\/p>\n","protected":false},"author":42,"featured_media":1311,"parent":0,"menu_order":0,"comment_status":"closed","ping_status":"closed","template":"","meta":{"inline_featured_image":false},"acf":false,"_links":{"self":[{"href":"https:\/\/www.veltialabs.gr\/ro\/wp-json\/wp\/v2\/pages\/1137"}],"collection":[{"href":"https:\/\/www.veltialabs.gr\/ro\/wp-json\/wp\/v2\/pages"}],"about":[{"href":"https:\/\/www.veltialabs.gr\/ro\/wp-json\/wp\/v2\/types\/page"}],"author":[{"embeddable":true,"href":"https:\/\/www.veltialabs.gr\/ro\/wp-json\/wp\/v2\/users\/42"}],"replies":[{"embeddable":true,"href":"https:\/\/www.veltialabs.gr\/ro\/wp-json\/wp\/v2\/comments?post=1137"}],"version-history":[{"count":27,"href":"https:\/\/www.veltialabs.gr\/ro\/wp-json\/wp\/v2\/pages\/1137\/revisions"}],"predecessor-version":[{"id":2041,"href":"https:\/\/www.veltialabs.gr\/ro\/wp-json\/wp\/v2\/pages\/1137\/revisions\/2041"}],"wp:featuredmedia":[{"embeddable":true,"href":"https:\/\/www.veltialabs.gr\/ro\/wp-json\/wp\/v2\/media\/1311"}],"wp:attachment":[{"href":"https:\/\/www.veltialabs.gr\/ro\/wp-json\/wp\/v2\/media?parent=1137"}],"curies":[{"name":"wp","href":"https:\/\/api.w.org\/{rel}","templated":true}]}}