{"id":1121,"date":"2020-12-21T13:23:33","date_gmt":"2020-12-21T12:23:33","guid":{"rendered":"http:\/\/www.tentamus.com\/agrolab-thessaloniki-en\/?page_id=1121"},"modified":"2023-03-02T15:18:20","modified_gmt":"2023-03-02T13:18:20","slug":"agroscience","status":"publish","type":"page","link":"https:\/\/www.veltialabs.gr\/ro\/industry\/agroscience\/","title":{"rendered":"Teste \u00een teren"},"content":{"rendered":"<!-- tailor:tailor_section:6001b8ce4a859 -->\n<div class=\"tailor-element tailor-section tailor-6001b8ce4a859\">\n<div class=\"tailor-section__content\">\n<!-- tailor:tailor_row:6001b8ce4a860 -->\n<div class=\"tailor-element tailor-row tablet-columns tailor-6001b8ce4a860\">\n<!-- tailor:tailor_column:6001b8ce4a861 -->\n<div class=\"tailor-column tailor-6001b8ce4a861\"><!-- tailor:tailor_widgets:6001b8ce4a862 --><div  class=\"tailor-element tailor-widget-area service_custom_menu tailor-6001b8ce4a862\"><section class=\"nav_menu-13 widget_nav_menu\"><h3>SERVICII DE LABORATOR<\/h3><div class=\"menu-lab-services-sidebar-container\"><ul id=\"menu-lab-services-sidebar\" class=\"menu\"><li id=\"menu-item-840\" class=\"menu-item menu-item-type-post_type menu-item-object-page menu-item-840\"><a href=\"https:\/\/www.veltialabs.gr\/ro\/lab-services\/physio-chemical\/\">Analize fizico-chimice<\/a><\/li>\n<li id=\"menu-item-1075\" class=\"menu-item menu-item-type-post_type menu-item-object-page menu-item-1075\"><a href=\"https:\/\/www.veltialabs.gr\/ro\/lab-services\/instrumental\/\">Analize instrumentale<\/a><\/li>\n<li id=\"menu-item-1074\" class=\"menu-item menu-item-type-post_type menu-item-object-page menu-item-1074\"><a href=\"https:\/\/www.veltialabs.gr\/ro\/lab-services\/microbiological\/\">Analize microbiologice<\/a><\/li>\n<li id=\"menu-item-1073\" class=\"menu-item menu-item-type-post_type menu-item-object-page menu-item-1073\"><a href=\"https:\/\/www.veltialabs.gr\/ro\/lab-services\/molecular\/\">Analize moleculare<\/a><\/li>\n<li id=\"menu-item-1072\" class=\"menu-item menu-item-type-post_type menu-item-object-page menu-item-1072\"><a href=\"https:\/\/www.veltialabs.gr\/ro\/lab-services\/sensorial\/\">Teste organoleptice<\/a><\/li>\n<\/ul><\/div><\/section><section class=\"nav_menu-15 widget_nav_menu\"><h3>DOMENII DE ACTIVITATE<\/h3><div class=\"menu-footer-industrie-container\"><ul id=\"menu-footer-industrie\" class=\"menu\"><li id=\"menu-item-1129\" class=\"menu-item menu-item-type-post_type menu-item-object-page menu-item-1129\"><a href=\"https:\/\/www.veltialabs.gr\/ro\/industry\/fruits-vegetables\/\">Fructe &amp; Legume<\/a><\/li>\n<li id=\"menu-item-1128\" class=\"menu-item menu-item-type-post_type menu-item-object-page menu-item-1128\"><a href=\"https:\/\/www.veltialabs.gr\/ro\/industry\/food-feed\/\">Alimente &amp; Hran\u0103 pentru animale<\/a><\/li>\n<li id=\"menu-item-1127\" class=\"menu-item menu-item-type-post_type menu-item-object-page menu-item-1127\"><a href=\"https:\/\/www.veltialabs.gr\/ro\/industry\/oils-olives\/\">Ulei de m\u0103sline &amp; M\u0103sline<\/a><\/li>\n<li id=\"menu-item-1126\" class=\"menu-item menu-item-type-post_type menu-item-object-page menu-item-1126\"><a href=\"https:\/\/www.veltialabs.gr\/ro\/industry\/water-waste\/\">Ap\u0103 &amp; De\u0219euri<\/a><\/li>\n<li id=\"menu-item-1125\" class=\"menu-item menu-item-type-post_type menu-item-object-page menu-item-1125\"><a href=\"https:\/\/www.veltialabs.gr\/ro\/industry\/soil-plant-tissues\/\">Sol &amp; \u021aesuturi vegetale<\/a><\/li>\n<li id=\"menu-item-1124\" class=\"menu-item menu-item-type-post_type menu-item-object-page menu-item-1124\"><a href=\"https:\/\/www.veltialabs.gr\/ro\/industry\/agroscience\/\">Teste \u00een teren<\/a><\/li>\n<\/ul><\/div><\/section><\/div><!-- \/tailor:tailor_widgets:6001b8ce4a862 --><\/div>\n<!-- \/tailor:tailor_column:6001b8ce4a861 --><!-- tailor:tailor_column:6001b8ce4a864 -->\n<div class=\"tailor-column tailor-6001b8ce4a864\">\n<!-- tailor:tailor_content:6001b8ce4a863 -->\n<div class=\"tailor-element tailor-content tailor-6001b8ce4a863\">\n<h1 style=\"margin-bottom: 0.5em\">\u0218tiin\u021be agricole<\/h1>\n<p>Experien\u021ba vast\u0103 \u0219i know-how-ul echipei noastre agronomice, precum \u0219i unitatea strict\u0103 de Asigurare a Calit\u0103\u021bii (QA), reprezint\u0103 cheia calit\u0103\u021bii \u00eenalte a serviciilor pe care le oferim. Aceast\u0103 calitate \u00eenalt\u0103 a serviciilor, combinat\u0103 cu politica noastr\u0103 eficient\u0103 de pre\u021buri, este for\u021ba motrice din spatele cooper\u0103rii pe termen lung pe care o men\u021binem cu un num\u0103r mare de clien\u021bi din \u00eentreaga lume.<\/p>\n<p><span>La VELTIA Labs for Life func\u021bioneaz\u0103 un Departament polivalent de Teste \u00een Teren, care este responsabil pentru realizarea studiilor la fa\u021ba locului (conducting field studies) cu scopul de a sprijini aprobarea produselor fitosanitare noi la nivel paneuropean. Acest Departament func\u021bioneaz\u0103 \u00een conformitate cu principiile \u0219i liniile directoare interna\u021bionale pentru:\u00a0<\/span><\/p>\n<ul>\n<li>Determinarea rezidualit\u0103\u021bii conform bunelor practici de laborator (G.L.P.)<\/li>\n<li>Determinarea degrad\u0103rii<\/li>\n<li>Studii de prelucrare<\/li>\n<li>Servicii de consultan\u021b\u0103<\/li>\n<\/ul>\n<p>\u00cen plus, avem capacitatea de a oferi partenerilor no\u0219tri diverse servicii de \u00eenalt\u0103 calitate, cum ar fi:<\/p>\n<ul>\n<li>Preg\u0103tirea probelor \u0219i expedierea acestora c\u0103tre orice laborator din lume<\/li>\n<li>Preg\u0103tirea, controlul \u0219i livrarea \u00een timp util a rapoartelor finale, precum \u0219i a datelor neprelucrate (raw data)<\/li>\n<li>Comunicare frecvent\u0103 cu privire la progres<\/li>\n<li>Disponibilitatea online a fi\u0219ierelor \u0219i datelor<\/li>\n<\/ul>\n<\/div>\n<\/div>\n<\/div>\n<!-- \/tailor:tailor_row:6001b8ce4a860 -->\n<\/div>\n<\/div>\n<!-- \/tailor:tailor_section:6001b8ce4a859 -->\n","protected":false},"excerpt":{"rendered":"<p>\u0218tiin\u021be agricole Experien\u021ba vast\u0103 \u0219i know-how-ul echipei noastre agronomice, precum \u0219i unitatea strict\u0103 de Asigurare a Calit\u0103\u021bii (QA), reprezint\u0103 cheia calit\u0103\u021bii \u00eenalte a serviciilor pe care le oferim. Aceast\u0103 calitate \u00eenalt\u0103 a serviciilor, combinat\u0103 cu politica noastr\u0103 eficient\u0103 de pre\u021buri, este for\u021ba motrice din spatele cooper\u0103rii pe termen lung pe care o men\u021binem cu un<\/p>\n","protected":false},"author":42,"featured_media":1244,"parent":1083,"menu_order":0,"comment_status":"closed","ping_status":"closed","template":"","meta":{"inline_featured_image":false},"acf":false,"_links":{"self":[{"href":"https:\/\/www.veltialabs.gr\/ro\/wp-json\/wp\/v2\/pages\/1121"}],"collection":[{"href":"https:\/\/www.veltialabs.gr\/ro\/wp-json\/wp\/v2\/pages"}],"about":[{"href":"https:\/\/www.veltialabs.gr\/ro\/wp-json\/wp\/v2\/types\/page"}],"author":[{"embeddable":true,"href":"https:\/\/www.veltialabs.gr\/ro\/wp-json\/wp\/v2\/users\/42"}],"replies":[{"embeddable":true,"href":"https:\/\/www.veltialabs.gr\/ro\/wp-json\/wp\/v2\/comments?post=1121"}],"version-history":[{"count":18,"href":"https:\/\/www.veltialabs.gr\/ro\/wp-json\/wp\/v2\/pages\/1121\/revisions"}],"predecessor-version":[{"id":2036,"href":"https:\/\/www.veltialabs.gr\/ro\/wp-json\/wp\/v2\/pages\/1121\/revisions\/2036"}],"up":[{"embeddable":true,"href":"https:\/\/www.veltialabs.gr\/ro\/wp-json\/wp\/v2\/pages\/1083"}],"wp:featuredmedia":[{"embeddable":true,"href":"https:\/\/www.veltialabs.gr\/ro\/wp-json\/wp\/v2\/media\/1244"}],"wp:attachment":[{"href":"https:\/\/www.veltialabs.gr\/ro\/wp-json\/wp\/v2\/media?parent=1121"}],"curies":[{"name":"wp","href":"https:\/\/api.w.org\/{rel}","templated":true}]}}