{"id":1118,"date":"2020-12-21T13:21:14","date_gmt":"2020-12-21T12:21:14","guid":{"rendered":"http:\/\/www.tentamus.com\/agrolab-thessaloniki-en\/?page_id=1118"},"modified":"2023-03-02T15:17:01","modified_gmt":"2023-03-02T13:17:01","slug":"soil-plant-tissues","status":"publish","type":"page","link":"https:\/\/www.veltialabs.gr\/ro\/industry\/soil-plant-tissues\/","title":{"rendered":"Sol &amp; \u021aesuturi vegetale"},"content":{"rendered":"<!-- tailor:tailor_section:5fe0937916e8a -->\n<div class=\"tailor-element tailor-section tailor-5fe0937916e8a\">\n<div class=\"tailor-section__content\">\n<!-- tailor:tailor_row:5fe0937916e8b -->\n<div class=\"tailor-element tailor-row tablet-columns tailor-5fe0937916e8b\">\n<!-- tailor:tailor_column:5fe0937916e8c -->\n<div class=\"tailor-column tailor-5fe0937916e8c\"><!-- tailor:tailor_widgets:5fe0937916e8d --><div  class=\"tailor-element tailor-widget-area service_custom_menu tailor-5fe0937916e8d\"><section class=\"nav_menu-13 widget_nav_menu\"><h3>SERVICII DE LABORATOR<\/h3><div class=\"menu-lab-services-sidebar-container\"><ul id=\"menu-lab-services-sidebar\" class=\"menu\"><li id=\"menu-item-840\" class=\"menu-item menu-item-type-post_type menu-item-object-page menu-item-840\"><a href=\"https:\/\/www.veltialabs.gr\/ro\/lab-services\/physio-chemical\/\">Analize fizico-chimice<\/a><\/li>\n<li id=\"menu-item-1075\" class=\"menu-item menu-item-type-post_type menu-item-object-page menu-item-1075\"><a href=\"https:\/\/www.veltialabs.gr\/ro\/lab-services\/instrumental\/\">Analize instrumentale<\/a><\/li>\n<li id=\"menu-item-1074\" class=\"menu-item menu-item-type-post_type menu-item-object-page menu-item-1074\"><a href=\"https:\/\/www.veltialabs.gr\/ro\/lab-services\/microbiological\/\">Analize microbiologice<\/a><\/li>\n<li id=\"menu-item-1073\" class=\"menu-item menu-item-type-post_type menu-item-object-page menu-item-1073\"><a href=\"https:\/\/www.veltialabs.gr\/ro\/lab-services\/molecular\/\">Analize moleculare<\/a><\/li>\n<li id=\"menu-item-1072\" class=\"menu-item menu-item-type-post_type menu-item-object-page menu-item-1072\"><a href=\"https:\/\/www.veltialabs.gr\/ro\/lab-services\/sensorial\/\">Teste organoleptice<\/a><\/li>\n<\/ul><\/div><\/section><section class=\"nav_menu-15 widget_nav_menu\"><h3>DOMENII DE ACTIVITATE<\/h3><div class=\"menu-footer-industrie-container\"><ul id=\"menu-footer-industrie\" class=\"menu\"><li id=\"menu-item-1129\" class=\"menu-item menu-item-type-post_type menu-item-object-page menu-item-1129\"><a href=\"https:\/\/www.veltialabs.gr\/ro\/industry\/fruits-vegetables\/\">Fructe &amp; Legume<\/a><\/li>\n<li id=\"menu-item-1128\" class=\"menu-item menu-item-type-post_type menu-item-object-page menu-item-1128\"><a href=\"https:\/\/www.veltialabs.gr\/ro\/industry\/food-feed\/\">Alimente &amp; Hran\u0103 pentru animale<\/a><\/li>\n<li id=\"menu-item-1127\" class=\"menu-item menu-item-type-post_type menu-item-object-page menu-item-1127\"><a href=\"https:\/\/www.veltialabs.gr\/ro\/industry\/oils-olives\/\">Ulei de m\u0103sline &amp; M\u0103sline<\/a><\/li>\n<li id=\"menu-item-1126\" class=\"menu-item menu-item-type-post_type menu-item-object-page menu-item-1126\"><a href=\"https:\/\/www.veltialabs.gr\/ro\/industry\/water-waste\/\">Ap\u0103 &amp; De\u0219euri<\/a><\/li>\n<li id=\"menu-item-1125\" class=\"menu-item menu-item-type-post_type menu-item-object-page menu-item-1125\"><a href=\"https:\/\/www.veltialabs.gr\/ro\/industry\/soil-plant-tissues\/\">Sol &amp; \u021aesuturi vegetale<\/a><\/li>\n<li id=\"menu-item-1124\" class=\"menu-item menu-item-type-post_type menu-item-object-page menu-item-1124\"><a href=\"https:\/\/www.veltialabs.gr\/ro\/industry\/agroscience\/\">Teste \u00een teren<\/a><\/li>\n<\/ul><\/div><\/section><\/div><!-- \/tailor:tailor_widgets:5fe0937916e8d --><\/div>\n<!-- \/tailor:tailor_column:5fe0937916e8c --><!-- tailor:tailor_column:5fe0937916e8f -->\n<div class=\"tailor-column tailor-5fe0937916e8f\">\n<!-- tailor:tailor_content:5fe0937916e8e -->\n<div class=\"tailor-element tailor-content tailor-5fe0937916e8e\">\n<h1 style=\"margin-bottom: 0.5em\">Sol &amp; \u021aesuturi vegetale<\/h1>\n<p>Analiza solului \u0219i a \u021besuturilor vegetale este domeniul cu care VELTIA (anterior AGROLAB-RDS) \u0219i-a \u00eenceput activitatea \u00een urm\u0103 cu 28 de ani. Prin participarea noastr\u0103 la proiecte publice mari \u0219i prin cooperarea cu mari companii private, ne-am transformat \u00een liderul pie\u021bei grece\u0219ti din acest domeniu. Experien\u021ba pe care am acumulat-o din toate aceste Programe ne-a ajutat s\u0103 ne dezvolt\u0103m \u0219i s\u0103 ne \u00eembog\u0103\u021bim domeniul de testare. Pe l\u00e2ng\u0103 analize, avem capacitatea de a oferi partenerilor no\u0219tri servicii de consultan\u021b\u0103 \u00een sectorul fertiliz\u0103rii, care se bazeaz\u0103 pe rezultatele analizelor de laborator \u0219i pe nevoile fiec\u0103rei culturi, precum \u0219i pe stadiul de dezvoltare \u00een care se afl\u0103 acestea. Pentru a putea realiza \u00een mod optim cele de mai sus, trebuie s\u0103 avem la dispozi\u021bie toate informa\u021biile necesare, cum ar fi tipul de cultur\u0103 care urmeaz\u0103 s\u0103 fie instalat\u0103 sau, \u00een cazul \u00een care aceasta exist\u0103 deja, tipul \u0219i v\u00e2rsta culturii. Unul dintre cei mai determinan\u021bi factori pentru fiabilitatea rezultatelor este prelevarea de mostre.<\/p>\n<\/div>\n<p>&nbsp;<\/p>\n<div class=\"tailor-element tailor-content tailor-5fe0937916e8e\">\n<p>ANALIZE DE LABORATOR<\/p>\n<ul>\n<li>Parametri fizico-chimici<\/li>\n<li>Consultan\u021b\u0103 \u00een sectorul fertiliz\u0103rii, bazat\u0103 pe rezultatele analizei de sol sau de \u021besuturi vegetale<\/li>\n<li>Materie organic\u0103<\/li>\n<li>Structura solului<\/li>\n<li>Reziduuri de pesticide pe sol<\/li>\n<li>Reziduuri de pesticide pe frunze<\/li>\n<li>Metale grele<\/li>\n<li>HAP, PCT \u0219i PCB<\/li>\n<\/ul>\n<\/div>\n<!-- \/tailor:tailor_content:5fe0937916e8e -->\n<\/div>\n<!-- \/tailor:tailor_column:5fe0937916e8f -->\n<\/div>\n<!-- \/tailor:tailor_row:5fe0937916e8b -->\n<\/div>\n<\/div>\n<!-- \/tailor:tailor_section:5fe0937916e8a -->\n","protected":false},"excerpt":{"rendered":"<p>Sol &amp; \u021aesuturi vegetale Analiza solului \u0219i a \u021besuturilor vegetale este domeniul cu care VELTIA (anterior AGROLAB-RDS) \u0219i-a \u00eenceput activitatea \u00een urm\u0103 cu 28 de ani. Prin participarea noastr\u0103 la proiecte publice mari \u0219i prin cooperarea cu mari companii private, ne-am transformat \u00een liderul pie\u021bei grece\u0219ti din acest domeniu. Experien\u021ba pe care am acumulat-o din<\/p>\n","protected":false},"author":42,"featured_media":1294,"parent":1083,"menu_order":0,"comment_status":"closed","ping_status":"closed","template":"","meta":{"inline_featured_image":false},"acf":false,"_links":{"self":[{"href":"https:\/\/www.veltialabs.gr\/ro\/wp-json\/wp\/v2\/pages\/1118"}],"collection":[{"href":"https:\/\/www.veltialabs.gr\/ro\/wp-json\/wp\/v2\/pages"}],"about":[{"href":"https:\/\/www.veltialabs.gr\/ro\/wp-json\/wp\/v2\/types\/page"}],"author":[{"embeddable":true,"href":"https:\/\/www.veltialabs.gr\/ro\/wp-json\/wp\/v2\/users\/42"}],"replies":[{"embeddable":true,"href":"https:\/\/www.veltialabs.gr\/ro\/wp-json\/wp\/v2\/comments?post=1118"}],"version-history":[{"count":19,"href":"https:\/\/www.veltialabs.gr\/ro\/wp-json\/wp\/v2\/pages\/1118\/revisions"}],"predecessor-version":[{"id":2035,"href":"https:\/\/www.veltialabs.gr\/ro\/wp-json\/wp\/v2\/pages\/1118\/revisions\/2035"}],"up":[{"embeddable":true,"href":"https:\/\/www.veltialabs.gr\/ro\/wp-json\/wp\/v2\/pages\/1083"}],"wp:featuredmedia":[{"embeddable":true,"href":"https:\/\/www.veltialabs.gr\/ro\/wp-json\/wp\/v2\/media\/1294"}],"wp:attachment":[{"href":"https:\/\/www.veltialabs.gr\/ro\/wp-json\/wp\/v2\/media?parent=1118"}],"curies":[{"name":"wp","href":"https:\/\/api.w.org\/{rel}","templated":true}]}}