{"id":1112,"date":"2020-12-21T13:17:52","date_gmt":"2020-12-21T12:17:52","guid":{"rendered":"http:\/\/www.tentamus.com\/agrolab-thessaloniki-en\/?page_id=1112"},"modified":"2023-02-09T14:23:02","modified_gmt":"2023-02-09T12:23:02","slug":"oils-olives","status":"publish","type":"page","link":"https:\/\/www.veltialabs.gr\/ro\/industry\/oils-olives\/","title":{"rendered":"Ulei de m\u0103sline &amp; M\u0103sline"},"content":{"rendered":"<!-- tailor:tailor_section:5fe092c31a1d2 -->\n<div class=\"tailor-element tailor-section tailor-5fe092c31a1d2\">\n<div class=\"tailor-section__content\">\n<!-- tailor:tailor_row:5fe092c31a1d3 -->\n<div class=\"tailor-element tailor-row tablet-columns tailor-5fe092c31a1d3\">\n<!-- tailor:tailor_column:5fe092c31a1d4 -->\n<div class=\"tailor-column tailor-5fe092c31a1d4\"><!-- tailor:tailor_widgets:5fe092c31a1d5 --><div  class=\"tailor-element tailor-widget-area service_custom_menu tailor-5fe092c31a1d5\"><section class=\"nav_menu-13 widget_nav_menu\"><h3>SERVICII DE LABORATOR<\/h3><div class=\"menu-lab-services-sidebar-container\"><ul id=\"menu-lab-services-sidebar\" class=\"menu\"><li id=\"menu-item-840\" class=\"menu-item menu-item-type-post_type menu-item-object-page menu-item-840\"><a href=\"https:\/\/www.veltialabs.gr\/ro\/lab-services\/physio-chemical\/\">Analize fizico-chimice<\/a><\/li>\n<li id=\"menu-item-1075\" class=\"menu-item menu-item-type-post_type menu-item-object-page menu-item-1075\"><a href=\"https:\/\/www.veltialabs.gr\/ro\/lab-services\/instrumental\/\">Analize instrumentale<\/a><\/li>\n<li id=\"menu-item-1074\" class=\"menu-item menu-item-type-post_type menu-item-object-page menu-item-1074\"><a href=\"https:\/\/www.veltialabs.gr\/ro\/lab-services\/microbiological\/\">Analize microbiologice<\/a><\/li>\n<li id=\"menu-item-1073\" class=\"menu-item menu-item-type-post_type menu-item-object-page menu-item-1073\"><a href=\"https:\/\/www.veltialabs.gr\/ro\/lab-services\/molecular\/\">Analize moleculare<\/a><\/li>\n<li id=\"menu-item-1072\" class=\"menu-item menu-item-type-post_type menu-item-object-page menu-item-1072\"><a href=\"https:\/\/www.veltialabs.gr\/ro\/lab-services\/sensorial\/\">Teste organoleptice<\/a><\/li>\n<\/ul><\/div><\/section><section class=\"nav_menu-15 widget_nav_menu\"><h3>DOMENII DE ACTIVITATE<\/h3><div class=\"menu-footer-industrie-container\"><ul id=\"menu-footer-industrie\" class=\"menu\"><li id=\"menu-item-1129\" class=\"menu-item menu-item-type-post_type menu-item-object-page menu-item-1129\"><a href=\"https:\/\/www.veltialabs.gr\/ro\/industry\/fruits-vegetables\/\">Fructe &amp; Legume<\/a><\/li>\n<li id=\"menu-item-1128\" class=\"menu-item menu-item-type-post_type menu-item-object-page menu-item-1128\"><a href=\"https:\/\/www.veltialabs.gr\/ro\/industry\/food-feed\/\">Alimente &amp; Hran\u0103 pentru animale<\/a><\/li>\n<li id=\"menu-item-1127\" class=\"menu-item menu-item-type-post_type menu-item-object-page menu-item-1127\"><a href=\"https:\/\/www.veltialabs.gr\/ro\/industry\/oils-olives\/\">Ulei de m\u0103sline &amp; M\u0103sline<\/a><\/li>\n<li id=\"menu-item-1126\" class=\"menu-item menu-item-type-post_type menu-item-object-page menu-item-1126\"><a href=\"https:\/\/www.veltialabs.gr\/ro\/industry\/water-waste\/\">Ap\u0103 &amp; De\u0219euri<\/a><\/li>\n<li id=\"menu-item-1125\" class=\"menu-item menu-item-type-post_type menu-item-object-page menu-item-1125\"><a href=\"https:\/\/www.veltialabs.gr\/ro\/industry\/soil-plant-tissues\/\">Sol &amp; \u021aesuturi vegetale<\/a><\/li>\n<li id=\"menu-item-1124\" class=\"menu-item menu-item-type-post_type menu-item-object-page menu-item-1124\"><a href=\"https:\/\/www.veltialabs.gr\/ro\/industry\/agroscience\/\">Teste \u00een teren<\/a><\/li>\n<\/ul><\/div><\/section><\/div><!-- \/tailor:tailor_widgets:5fe092c31a1d5 --><\/div>\n<!-- \/tailor:tailor_column:5fe092c31a1d4 --><!-- tailor:tailor_column:5fe092c31a1d7 -->\n<div class=\"tailor-column tailor-5fe092c31a1d7\">\n<!-- tailor:tailor_content:5fe092c31a1d6 -->\n<div class=\"tailor-element tailor-content tailor-5fe092c31a1d6\">\n<h1 style=\"margin-bottom: 0.5em\">Ulei de m\u0103sline &amp;<\/h1>\n<h1 style=\"margin-bottom: 0.5em\">M\u0103sline<\/h1>\n<p><strong>Uleiul de m\u0103sline<\/strong> \u0219i <strong>M\u0103slinele<\/strong> sunt unele dintre cele mai reprezentative produse ale Greciei, pentru care suntem cunoscu\u021bi la nivel mondial. VELTIA se m\u00e2ndre\u0219te cu capacitatea sa de a efectua analize de laborator de \u00eenalt\u0103 calitate at\u00e2t pentru cultivatori, c\u00e2t \u0219i pentru comercian\u021bi. Compania noastr\u0103 este recunoscut\u0103 de <a href=\"https:\/\/www.tentamus.com\/veltia-gr\/wp-content\/uploads\/sites\/109\/2021\/02\/IOC.pdf\" target=\"_blank\" rel=\"noopener\"><u>IOC<\/u><\/a> \u0219i <a href=\"https:\/\/www.tentamus.com\/veltia-gr\/wp-content\/uploads\/sites\/109\/2020\/12\/VELTIA_FOSFA.pdf\" target=\"_blank\" rel=\"noopener\"><u>FOSFA<\/u><\/a>.<\/p>\n<p>ANALIZE DE LABORATOR<\/p>\n<ul>\n<li><span>Analize de control al calit\u0103\u021bii (de exemplu, aciditate, peroxizi, indici K etc.)<\/span><\/li>\n<li><span>Valoarea nutritiv\u0103 la ulei<\/span><\/li>\n<li><span>Profilul acizilor gra\u0219i<\/span><\/li>\n<li><span>Steroli \u0219i alcooli alifatici<\/span><\/li>\n<li><span>Reziduuri de pesticide<\/span><\/li>\n<li><span>Plastifian\u021bi \u00een ulei<\/span><\/li>\n<li><span>HAP-uri<\/span><\/li>\n<li><span>BTEX \u00een uleiuri comestibile<\/span><\/li>\n<li><span>Identificarea uleiurilor str\u0103ine<\/span><\/li>\n<li><span>Metale \u0219i metale grele<\/span><\/li>\n<li><span>Teste organoleptice pentru ulei de m\u0103sline<\/span><\/li>\n<li>Fenoli totali<\/li>\n<\/ul>\n<ul>\n<li style=\"list-style-type: none\">\n<ul><\/ul>\n<\/li>\n<\/ul>\n<p>\u00cen Laboratorul nostru se efectueaz\u0103 o serie de analize pentru care vom fi bucuro\u0219i s\u0103 v\u0103 inform\u0103m \u0219i s\u0103 v\u0103 ajut\u0103m s\u0103 v\u0103 acoperi\u021bi toate nevoile \u00een vederea asigur\u0103rii siguran\u021bei \u0219i calit\u0103\u021bii produsului dumneavoastr\u0103.<\/p>\n<\/div>\n<!-- \/tailor:tailor_content:5fe092c31a1d6 -->\n<\/div>\n<!-- \/tailor:tailor_column:5fe092c31a1d7 -->\n<\/div>\n<!-- \/tailor:tailor_row:5fe092c31a1d3 -->\n<\/div>\n<\/div>\n<!-- \/tailor:tailor_section:5fe092c31a1d2 -->\n","protected":false},"excerpt":{"rendered":"<p>Ulei de m\u0103sline &amp; M\u0103sline Uleiul de m\u0103sline \u0219i M\u0103slinele sunt unele dintre cele mai reprezentative produse ale Greciei, pentru care suntem cunoscu\u021bi la nivel mondial. VELTIA se m\u00e2ndre\u0219te cu capacitatea sa de a efectua analize de laborator de \u00eenalt\u0103 calitate at\u00e2t pentru cultivatori, c\u00e2t \u0219i pentru comercian\u021bi. Compania noastr\u0103 este recunoscut\u0103 de IOC \u0219i<\/p>\n","protected":false},"author":42,"featured_media":1246,"parent":1083,"menu_order":0,"comment_status":"closed","ping_status":"closed","template":"","meta":{"inline_featured_image":false},"acf":false,"_links":{"self":[{"href":"https:\/\/www.veltialabs.gr\/ro\/wp-json\/wp\/v2\/pages\/1112"}],"collection":[{"href":"https:\/\/www.veltialabs.gr\/ro\/wp-json\/wp\/v2\/pages"}],"about":[{"href":"https:\/\/www.veltialabs.gr\/ro\/wp-json\/wp\/v2\/types\/page"}],"author":[{"embeddable":true,"href":"https:\/\/www.veltialabs.gr\/ro\/wp-json\/wp\/v2\/users\/42"}],"replies":[{"embeddable":true,"href":"https:\/\/www.veltialabs.gr\/ro\/wp-json\/wp\/v2\/comments?post=1112"}],"version-history":[{"count":13,"href":"https:\/\/www.veltialabs.gr\/ro\/wp-json\/wp\/v2\/pages\/1112\/revisions"}],"predecessor-version":[{"id":1954,"href":"https:\/\/www.veltialabs.gr\/ro\/wp-json\/wp\/v2\/pages\/1112\/revisions\/1954"}],"up":[{"embeddable":true,"href":"https:\/\/www.veltialabs.gr\/ro\/wp-json\/wp\/v2\/pages\/1083"}],"wp:featuredmedia":[{"embeddable":true,"href":"https:\/\/www.veltialabs.gr\/ro\/wp-json\/wp\/v2\/media\/1246"}],"wp:attachment":[{"href":"https:\/\/www.veltialabs.gr\/ro\/wp-json\/wp\/v2\/media?parent=1112"}],"curies":[{"name":"wp","href":"https:\/\/api.w.org\/{rel}","templated":true}]}}