{"id":1108,"date":"2020-12-21T13:14:27","date_gmt":"2020-12-21T12:14:27","guid":{"rendered":"http:\/\/www.tentamus.com\/agrolab-thessaloniki-en\/?page_id=1108"},"modified":"2023-03-02T16:17:12","modified_gmt":"2023-03-02T14:17:12","slug":"food-feed","status":"publish","type":"page","link":"https:\/\/www.veltialabs.gr\/ro\/industry\/food-feed\/","title":{"rendered":"Alimente &amp; Hran\u0103 pentru animale"},"content":{"rendered":"<!-- tailor:tailor_section:5fe09246d0114 -->\n<div class=\"tailor-element tailor-section tailor-5fe09246d0114\">\n<div class=\"tailor-section__content\">\n<!-- tailor:tailor_row:5fe09246d0115 -->\n<div class=\"tailor-element tailor-row tablet-columns tailor-5fe09246d0115\">\n<!-- tailor:tailor_column:5fe09246d0116 -->\n<div class=\"tailor-column tailor-5fe09246d0116\"><!-- tailor:tailor_widgets:5fe09246d0117 --><div  class=\"tailor-element tailor-widget-area service_custom_menu tailor-5fe09246d0117\"><section class=\"nav_menu-13 widget_nav_menu\"><h3>SERVICII DE LABORATOR<\/h3><div class=\"menu-lab-services-sidebar-container\"><ul id=\"menu-lab-services-sidebar\" class=\"menu\"><li id=\"menu-item-840\" class=\"menu-item menu-item-type-post_type menu-item-object-page menu-item-840\"><a href=\"https:\/\/www.veltialabs.gr\/ro\/lab-services\/physio-chemical\/\">Analize fizico-chimice<\/a><\/li>\n<li id=\"menu-item-1075\" class=\"menu-item menu-item-type-post_type menu-item-object-page menu-item-1075\"><a href=\"https:\/\/www.veltialabs.gr\/ro\/lab-services\/instrumental\/\">Analize instrumentale<\/a><\/li>\n<li id=\"menu-item-1074\" class=\"menu-item menu-item-type-post_type menu-item-object-page menu-item-1074\"><a href=\"https:\/\/www.veltialabs.gr\/ro\/lab-services\/microbiological\/\">Analize microbiologice<\/a><\/li>\n<li id=\"menu-item-1073\" class=\"menu-item menu-item-type-post_type menu-item-object-page menu-item-1073\"><a href=\"https:\/\/www.veltialabs.gr\/ro\/lab-services\/molecular\/\">Analize moleculare<\/a><\/li>\n<li id=\"menu-item-1072\" class=\"menu-item menu-item-type-post_type menu-item-object-page menu-item-1072\"><a href=\"https:\/\/www.veltialabs.gr\/ro\/lab-services\/sensorial\/\">Teste organoleptice<\/a><\/li>\n<\/ul><\/div><\/section><section class=\"nav_menu-15 widget_nav_menu\"><h3>DOMENII DE ACTIVITATE<\/h3><div class=\"menu-footer-industrie-container\"><ul id=\"menu-footer-industrie\" class=\"menu\"><li id=\"menu-item-1129\" class=\"menu-item menu-item-type-post_type menu-item-object-page menu-item-1129\"><a href=\"https:\/\/www.veltialabs.gr\/ro\/industry\/fruits-vegetables\/\">Fructe &amp; Legume<\/a><\/li>\n<li id=\"menu-item-1128\" class=\"menu-item menu-item-type-post_type menu-item-object-page menu-item-1128\"><a href=\"https:\/\/www.veltialabs.gr\/ro\/industry\/food-feed\/\">Alimente &amp; Hran\u0103 pentru animale<\/a><\/li>\n<li id=\"menu-item-1127\" class=\"menu-item menu-item-type-post_type menu-item-object-page menu-item-1127\"><a href=\"https:\/\/www.veltialabs.gr\/ro\/industry\/oils-olives\/\">Ulei de m\u0103sline &amp; M\u0103sline<\/a><\/li>\n<li id=\"menu-item-1126\" class=\"menu-item menu-item-type-post_type menu-item-object-page menu-item-1126\"><a href=\"https:\/\/www.veltialabs.gr\/ro\/industry\/water-waste\/\">Ap\u0103 &amp; De\u0219euri<\/a><\/li>\n<li id=\"menu-item-1125\" class=\"menu-item menu-item-type-post_type menu-item-object-page menu-item-1125\"><a href=\"https:\/\/www.veltialabs.gr\/ro\/industry\/soil-plant-tissues\/\">Sol &amp; \u021aesuturi vegetale<\/a><\/li>\n<li id=\"menu-item-1124\" class=\"menu-item menu-item-type-post_type menu-item-object-page menu-item-1124\"><a href=\"https:\/\/www.veltialabs.gr\/ro\/industry\/agroscience\/\">Teste \u00een teren<\/a><\/li>\n<\/ul><\/div><\/section><\/div><!-- \/tailor:tailor_widgets:5fe09246d0117 --><\/div>\n<!-- \/tailor:tailor_column:5fe09246d0116 --><!-- tailor:tailor_column:5fe09246d0119 -->\n<div class=\"tailor-column tailor-5fe09246d0119\">\n<!-- tailor:tailor_content:5fe09246d0118 -->\n<div class=\"tailor-element tailor-content tailor-5fe09246d0118\">\n<h1 style=\"margin-bottom: 0.5em\">Alimente &amp; Hran\u0103 pentru animale<\/h1>\n<p>Alimentele, al\u0103turi de ap\u0103, sunt una dintre sursele de baz\u0103 ale vie\u021bii. Suntem exper\u021bi \u00eentr-o mare varietate de analize \u0219i, prin urmare, avem capacitatea de a asigura igiena \u0219i calitatea produselor, \u00eenc\u0103 \u00eenainte de a intra pe pia\u021b\u0103. Protejarea igienei \u0219i siguran\u021bei este una dintre priorit\u0103\u021bile noastre. Acesta este \u0219i motivul pentru care suntem m\u00e2ndri de personalul nostru specializat \u0219i foarte bine preg\u0103tit. \u00cen plus, facilit\u0103\u021bile noastre sunt complet echipate cu instrumente \u0219tiin\u021bifice de ultim\u0103 genera\u021bie. Laboratoarele VELTIA Labs for Life sunt acreditate de ESYD (Sistemul Na\u021bional de Acreditare), precum \u0219i de organiza\u021bii interna\u021bionale, precum\u00a0 <a href=\"https:\/\/www.tentamus.com\/veltia-gr\/wp-content\/uploads\/sites\/109\/2020\/12\/6.-VELTIA_Gafta-Ring.pdf\" target=\"_blank\" rel=\"noopener\"><u>Gafta<\/u><\/a>.<\/p>\n<p>Compania VELTIA Labs for Life angajeaz\u0103 personal special instruit, fapt care ne permite s\u0103 oferim servicii de \u00eencredere \u0219i de \u00eenalt\u0103 calitate \u00een domeniul analizei alimentelor \u0219i a hranei pentru animale. Unele dintre analizele efectuate \u00een unit\u0103\u021bile noastre sunt enumerate \u00een lista de mai jos.<\/p>\n<p>ANALIZE DE LABORATOR<\/p>\n<ul>\n<li><span>Valoare nutri\u021bional\u0103<\/span><\/li>\n<li><span>Metale \u0219i metale grele<\/span><\/li>\n<li><span>Micotoxine<\/span><\/li>\n<li><span>Conservan\u021bi<\/span><\/li>\n<li><span>Reziduuri de pesticide<\/span><\/li>\n<li><span>Antibiotice<\/span><\/li>\n<li><span>Vitamine<\/span><\/li>\n<li><span>Teste OMG<\/span><\/li>\n<li><span>Dioxine \u0219i PCB-uri asem\u0103n\u0103toare<\/span><\/li>\n<li><span>Diver\u0219i contaminan\u021bi<\/span><\/li>\n<li><span>Analize microbiologice<\/span><\/li>\n<li><span>Analize moleculare<\/span><\/li>\n<li><span>Alergeni alimentari<\/span><\/li>\n<\/ul>\n<p>&nbsp;<\/p>\n<p>SERVICII<\/p>\n<ul>\n<li><span>Control macroscopic<\/span><\/li>\n<li><span>Teste organoleptice<\/span><\/li>\n<li><span>Verificarea etichetei<\/span><\/li>\n<li><span>Evaluarea rezultatelor de laborator<\/span><\/li>\n<li><span>Servicii de prelevare de probe<\/span><\/li>\n<\/ul>\n<\/div>\n<\/div>\n<p>&nbsp;<\/p>\n<\/div>\n<!-- \/tailor:tailor_row:5fe09246d0115 -->\n<\/div>\n<\/div>\n<!-- \/tailor:tailor_section:5fe09246d0114 -->\n","protected":false},"excerpt":{"rendered":"<p>Alimente &amp; Hran\u0103 pentru animale Alimentele, al\u0103turi de ap\u0103, sunt una dintre sursele de baz\u0103 ale vie\u021bii. Suntem exper\u021bi \u00eentr-o mare varietate de analize \u0219i, prin urmare, avem capacitatea de a asigura igiena \u0219i calitatea produselor, \u00eenc\u0103 \u00eenainte de a intra pe pia\u021b\u0103. Protejarea igienei \u0219i siguran\u021bei este una dintre priorit\u0103\u021bile noastre. Acesta este \u0219i<\/p>\n","protected":false},"author":42,"featured_media":1316,"parent":1083,"menu_order":0,"comment_status":"closed","ping_status":"closed","template":"","meta":{"inline_featured_image":false},"acf":false,"_links":{"self":[{"href":"https:\/\/www.veltialabs.gr\/ro\/wp-json\/wp\/v2\/pages\/1108"}],"collection":[{"href":"https:\/\/www.veltialabs.gr\/ro\/wp-json\/wp\/v2\/pages"}],"about":[{"href":"https:\/\/www.veltialabs.gr\/ro\/wp-json\/wp\/v2\/types\/page"}],"author":[{"embeddable":true,"href":"https:\/\/www.veltialabs.gr\/ro\/wp-json\/wp\/v2\/users\/42"}],"replies":[{"embeddable":true,"href":"https:\/\/www.veltialabs.gr\/ro\/wp-json\/wp\/v2\/comments?post=1108"}],"version-history":[{"count":23,"href":"https:\/\/www.veltialabs.gr\/ro\/wp-json\/wp\/v2\/pages\/1108\/revisions"}],"predecessor-version":[{"id":2040,"href":"https:\/\/www.veltialabs.gr\/ro\/wp-json\/wp\/v2\/pages\/1108\/revisions\/2040"}],"up":[{"embeddable":true,"href":"https:\/\/www.veltialabs.gr\/ro\/wp-json\/wp\/v2\/pages\/1083"}],"wp:featuredmedia":[{"embeddable":true,"href":"https:\/\/www.veltialabs.gr\/ro\/wp-json\/wp\/v2\/media\/1316"}],"wp:attachment":[{"href":"https:\/\/www.veltialabs.gr\/ro\/wp-json\/wp\/v2\/media?parent=1108"}],"curies":[{"name":"wp","href":"https:\/\/api.w.org\/{rel}","templated":true}]}}