{"id":1088,"date":"2020-12-21T13:02:20","date_gmt":"2020-12-21T12:02:20","guid":{"rendered":"http:\/\/www.tentamus.com\/agrolab-thessaloniki-en\/?page_id=1088"},"modified":"2023-02-09T13:52:42","modified_gmt":"2023-02-09T11:52:42","slug":"fruits-vegetables","status":"publish","type":"page","link":"https:\/\/www.veltialabs.gr\/ro\/industry\/fruits-vegetables\/","title":{"rendered":"Fructe &amp; Legume"},"content":{"rendered":"<div class=\"tailor-element tailor-section tailor-6001b36be9339\">\n<div class=\"tailor-section__content\">\n<!-- tailor:tailor_row:6001b36be9340 --><\/p>\n<div class=\"tailor-element tailor-row tablet-columns tailor-6001b36be9340\">\n<!-- tailor:tailor_column:6001b36be9341 --><\/p>\n<div class=\"tailor-column tailor-6001b36be9341\"><!-- tailor:tailor_widgets:6001b36be9342 --><div  class=\"tailor-element tailor-widget-area service_custom_menu tailor-6001b36be9342\"><section class=\"nav_menu-13 widget_nav_menu\"><h3>SERVICII DE LABORATOR<\/h3><div class=\"menu-lab-services-sidebar-container\"><ul id=\"menu-lab-services-sidebar\" class=\"menu\"><li id=\"menu-item-840\" class=\"menu-item menu-item-type-post_type menu-item-object-page menu-item-840\"><a href=\"https:\/\/www.veltialabs.gr\/ro\/lab-services\/physio-chemical\/\">Analize fizico-chimice<\/a><\/li>\n<li id=\"menu-item-1075\" class=\"menu-item menu-item-type-post_type menu-item-object-page menu-item-1075\"><a href=\"https:\/\/www.veltialabs.gr\/ro\/lab-services\/instrumental\/\">Analize instrumentale<\/a><\/li>\n<li id=\"menu-item-1074\" class=\"menu-item menu-item-type-post_type menu-item-object-page menu-item-1074\"><a href=\"https:\/\/www.veltialabs.gr\/ro\/lab-services\/microbiological\/\">Analize microbiologice<\/a><\/li>\n<li id=\"menu-item-1073\" class=\"menu-item menu-item-type-post_type menu-item-object-page menu-item-1073\"><a href=\"https:\/\/www.veltialabs.gr\/ro\/lab-services\/molecular\/\">Analize moleculare<\/a><\/li>\n<li id=\"menu-item-1072\" class=\"menu-item menu-item-type-post_type menu-item-object-page menu-item-1072\"><a href=\"https:\/\/www.veltialabs.gr\/ro\/lab-services\/sensorial\/\">Teste organoleptice<\/a><\/li>\n<\/ul><\/div><\/section><section class=\"nav_menu-15 widget_nav_menu\"><h3>DOMENII DE ACTIVITATE<\/h3><div class=\"menu-footer-industrie-container\"><ul id=\"menu-footer-industrie\" class=\"menu\"><li id=\"menu-item-1129\" class=\"menu-item menu-item-type-post_type menu-item-object-page menu-item-1129\"><a href=\"https:\/\/www.veltialabs.gr\/ro\/industry\/fruits-vegetables\/\">Fructe &amp; Legume<\/a><\/li>\n<li id=\"menu-item-1128\" class=\"menu-item menu-item-type-post_type menu-item-object-page menu-item-1128\"><a href=\"https:\/\/www.veltialabs.gr\/ro\/industry\/food-feed\/\">Alimente &amp; Hran\u0103 pentru animale<\/a><\/li>\n<li id=\"menu-item-1127\" class=\"menu-item menu-item-type-post_type menu-item-object-page menu-item-1127\"><a href=\"https:\/\/www.veltialabs.gr\/ro\/industry\/oils-olives\/\">Ulei de m\u0103sline &amp; M\u0103sline<\/a><\/li>\n<li id=\"menu-item-1126\" class=\"menu-item menu-item-type-post_type menu-item-object-page menu-item-1126\"><a href=\"https:\/\/www.veltialabs.gr\/ro\/industry\/water-waste\/\">Ap\u0103 &amp; De\u0219euri<\/a><\/li>\n<li id=\"menu-item-1125\" class=\"menu-item menu-item-type-post_type menu-item-object-page menu-item-1125\"><a href=\"https:\/\/www.veltialabs.gr\/ro\/industry\/soil-plant-tissues\/\">Sol &amp; \u021aesuturi vegetale<\/a><\/li>\n<li id=\"menu-item-1124\" class=\"menu-item menu-item-type-post_type menu-item-object-page menu-item-1124\"><a href=\"https:\/\/www.veltialabs.gr\/ro\/industry\/agroscience\/\">Teste \u00een teren<\/a><\/li>\n<\/ul><\/div><\/section><\/div><!-- \/tailor:tailor_widgets:6001b36be9342 --><\/div>\n<!-- \/tailor:tailor_column:6001b36be9341 --><!-- tailor:tailor_column:6001b36be9344 --><\/p>\n<div class=\"tailor-column tailor-6001b36be9344\">\n<!-- tailor:tailor_content:6001b36be9343 --><\/p>\n<div class=\"tailor-element tailor-content tailor-6001b36be9343\">\n<h1 style=\"margin-bottom: 0.5em\">Fructe \u0219i Legume<\/h1>\n<p>Analizele de fructe \u0219i legume au o importan\u021b\u0103 crucial\u0103 pentru asigurarea s\u0103n\u0103t\u0103\u021bii \u0219i siguran\u021bei consumatorului. Compania VELTIA este acreditat\u0103 conform <span lang=\"EN-US\"><a href=\"https:\/\/www.tentamus.com\/veltia-gr\/wp-content\/uploads\/sites\/109\/2021\/02\/1.-VELTIA-Accreditation-Certificate-ENGL-1.pdf\" target=\"_blank\" rel=\"noopener\"><u>ISO17025<\/u><\/a> (Salonic \u0219i Atena) \u0219i este recunoscut\u0103 de organiza\u021bii cu criterii foarte stricte \u00een privin\u021ba fiabilit\u0103\u021bii rezultatelor pentru reziduurile de pesticide, cum ar fi <a href=\"https:\/\/www.tentamus.com\/veltia-gr\/wp-content\/uploads\/sites\/109\/2021\/01\/relana-Membership-Certificate-VELTIA-S.A._2021.pdf\"><u>relana\u00ae<\/u><\/a>, <a href=\"https:\/\/www.tentamus.com\/veltia-gr\/wp-content\/uploads\/sites\/109\/2020\/12\/4.-VELTIA_QS_Thessaloniki.pdf\" target=\"_blank\" rel=\"noopener\"><u>QS (Thessaloniki &amp; Athens)<\/u><\/a> \u0219i <span style=\"text-decoration: underline\"><a href=\"https:\/\/www.tentamus.com\/veltia-gr\/wp-content\/uploads\/sites\/109\/2021\/02\/BNN-2021.pdf\">BNN<\/a> <\/span>.<\/span><\/p>\n<p>ANALIZE DE LABORATOR<\/p>\n<ul>\n<li>Reziduuri de pesticide<\/li>\n<li>Pesticide ditiocarbamice<\/li>\n<li>Contaminan\u021bi din fructe \u0219i legume<\/li>\n<li>Compu\u0219i cuaternari de amoniu<\/li>\n<li>Acid giberelic<\/li>\n<li><span>Cuantificarea matrinei<\/span><\/li>\n<li><span>Nitra\u0163i<\/span><\/li>\n<li><span>Azotul total din fructe \u0219i legume<\/span><\/li>\n<li><span>Raportul zaharuri\/acizi din fructe<\/span><\/li>\n<li><span>Con\u021binutul de suc \u00een fructe<\/span><\/li>\n<li><span>Metale grele<\/span><\/li>\n<li><span>Umiditate \u0219i materie uscat\u0103<\/span><\/li>\n<li>Detectarea virusului SARS-CoV-2 pe suprafa\u021ba fructelor dure<\/li>\n<\/ul>\n<p>SERVICII<\/p>\n<ul>\n<li><span>Control macroscopic<\/span><\/li>\n<li><span>Teste organoleptice<\/span><\/li>\n<li><span>Verificarea etichetei<\/span><\/li>\n<li><span>Evaluarea rezultatelor de laborator<\/span><\/li>\n<li><span>Servicii de prelevare de probe<\/span><\/li>\n<li><span>Asisten\u021b\u0103 legislativ\u0103<\/span><\/li>\n<\/ul>\n<\/div>\n<!-- \/tailor:tailor_content:6001b36be9343 --><\/p>\n<\/div>\n<!-- \/tailor:tailor_column:6001b36be9344 --><\/p>\n<\/div>\n<!-- \/tailor:tailor_row:6001b36be9340 --><\/p>\n<\/div>\n<\/div>\n","protected":false},"excerpt":{"rendered":"<p>Fructe \u0219i Legume Analizele de fructe \u0219i legume au o importan\u021b\u0103 crucial\u0103 pentru asigurarea s\u0103n\u0103t\u0103\u021bii \u0219i siguran\u021bei consumatorului. Compania VELTIA este acreditat\u0103 conform ISO17025 (Salonic \u0219i Atena) \u0219i este recunoscut\u0103 de organiza\u021bii cu criterii foarte stricte \u00een privin\u021ba fiabilit\u0103\u021bii rezultatelor pentru reziduurile de pesticide, cum ar fi relana\u00ae, QS (Thessaloniki &amp; Athens) \u0219i BNN .<\/p>\n","protected":false},"author":42,"featured_media":1290,"parent":1083,"menu_order":0,"comment_status":"closed","ping_status":"closed","template":"","meta":{"inline_featured_image":false},"acf":false,"_links":{"self":[{"href":"https:\/\/www.veltialabs.gr\/ro\/wp-json\/wp\/v2\/pages\/1088"}],"collection":[{"href":"https:\/\/www.veltialabs.gr\/ro\/wp-json\/wp\/v2\/pages"}],"about":[{"href":"https:\/\/www.veltialabs.gr\/ro\/wp-json\/wp\/v2\/types\/page"}],"author":[{"embeddable":true,"href":"https:\/\/www.veltialabs.gr\/ro\/wp-json\/wp\/v2\/users\/42"}],"replies":[{"embeddable":true,"href":"https:\/\/www.veltialabs.gr\/ro\/wp-json\/wp\/v2\/comments?post=1088"}],"version-history":[{"count":21,"href":"https:\/\/www.veltialabs.gr\/ro\/wp-json\/wp\/v2\/pages\/1088\/revisions"}],"predecessor-version":[{"id":1948,"href":"https:\/\/www.veltialabs.gr\/ro\/wp-json\/wp\/v2\/pages\/1088\/revisions\/1948"}],"up":[{"embeddable":true,"href":"https:\/\/www.veltialabs.gr\/ro\/wp-json\/wp\/v2\/pages\/1083"}],"wp:featuredmedia":[{"embeddable":true,"href":"https:\/\/www.veltialabs.gr\/ro\/wp-json\/wp\/v2\/media\/1290"}],"wp:attachment":[{"href":"https:\/\/www.veltialabs.gr\/ro\/wp-json\/wp\/v2\/media?parent=1088"}],"curies":[{"name":"wp","href":"https:\/\/api.w.org\/{rel}","templated":true}]}}