{"id":1069,"date":"2020-12-21T12:49:27","date_gmt":"2020-12-21T11:49:27","guid":{"rendered":"http:\/\/www.tentamus.com\/agrolab-thessaloniki-en\/?page_id=1069"},"modified":"2023-03-02T16:11:31","modified_gmt":"2023-03-02T14:11:31","slug":"sensorial","status":"publish","type":"page","link":"https:\/\/www.veltialabs.gr\/ro\/lab-services\/sensorial\/","title":{"rendered":"Teste organoleptice"},"content":{"rendered":"<!-- tailor:tailor_section:5fe08bf0da9ca -->\n<div class=\"tailor-element tailor-section tailor-5fe08bf0da9ca\">\n<div class=\"tailor-section__content\">\n<!-- tailor:tailor_row:5fe08bf0da9cb -->\n<div class=\"tailor-element tailor-row tablet-columns tailor-5fe08bf0da9cb\">\n<!-- tailor:tailor_column:5fe08bf0da9cc -->\n<div class=\"tailor-column tailor-5fe08bf0da9cc\"><!-- tailor:tailor_widgets:5fe08bf0da9cd --><div  class=\"tailor-element tailor-widget-area service_custom_menu tailor-5fe08bf0da9cd\"><section class=\"nav_menu-13 widget_nav_menu\"><h3>SERVICII DE LABORATOR<\/h3><div class=\"menu-lab-services-sidebar-container\"><ul id=\"menu-lab-services-sidebar\" class=\"menu\"><li id=\"menu-item-840\" class=\"menu-item menu-item-type-post_type menu-item-object-page menu-item-840\"><a href=\"https:\/\/www.veltialabs.gr\/ro\/lab-services\/physio-chemical\/\">Analize fizico-chimice<\/a><\/li>\n<li id=\"menu-item-1075\" class=\"menu-item menu-item-type-post_type menu-item-object-page menu-item-1075\"><a href=\"https:\/\/www.veltialabs.gr\/ro\/lab-services\/instrumental\/\">Analize instrumentale<\/a><\/li>\n<li id=\"menu-item-1074\" class=\"menu-item menu-item-type-post_type menu-item-object-page menu-item-1074\"><a href=\"https:\/\/www.veltialabs.gr\/ro\/lab-services\/microbiological\/\">Analize microbiologice<\/a><\/li>\n<li id=\"menu-item-1073\" class=\"menu-item menu-item-type-post_type menu-item-object-page menu-item-1073\"><a href=\"https:\/\/www.veltialabs.gr\/ro\/lab-services\/molecular\/\">Analize moleculare<\/a><\/li>\n<li id=\"menu-item-1072\" class=\"menu-item menu-item-type-post_type menu-item-object-page menu-item-1072\"><a href=\"https:\/\/www.veltialabs.gr\/ro\/lab-services\/sensorial\/\">Teste organoleptice<\/a><\/li>\n<\/ul><\/div><\/section><section class=\"nav_menu-15 widget_nav_menu\"><h3>DOMENII DE ACTIVITATE<\/h3><div class=\"menu-footer-industrie-container\"><ul id=\"menu-footer-industrie\" class=\"menu\"><li id=\"menu-item-1129\" class=\"menu-item menu-item-type-post_type menu-item-object-page menu-item-1129\"><a href=\"https:\/\/www.veltialabs.gr\/ro\/industry\/fruits-vegetables\/\">Fructe &amp; Legume<\/a><\/li>\n<li id=\"menu-item-1128\" class=\"menu-item menu-item-type-post_type menu-item-object-page menu-item-1128\"><a href=\"https:\/\/www.veltialabs.gr\/ro\/industry\/food-feed\/\">Alimente &amp; Hran\u0103 pentru animale<\/a><\/li>\n<li id=\"menu-item-1127\" class=\"menu-item menu-item-type-post_type menu-item-object-page menu-item-1127\"><a href=\"https:\/\/www.veltialabs.gr\/ro\/industry\/oils-olives\/\">Ulei de m\u0103sline &amp; M\u0103sline<\/a><\/li>\n<li id=\"menu-item-1126\" class=\"menu-item menu-item-type-post_type menu-item-object-page menu-item-1126\"><a href=\"https:\/\/www.veltialabs.gr\/ro\/industry\/water-waste\/\">Ap\u0103 &amp; De\u0219euri<\/a><\/li>\n<li id=\"menu-item-1125\" class=\"menu-item menu-item-type-post_type menu-item-object-page menu-item-1125\"><a href=\"https:\/\/www.veltialabs.gr\/ro\/industry\/soil-plant-tissues\/\">Sol &amp; \u021aesuturi vegetale<\/a><\/li>\n<li id=\"menu-item-1124\" class=\"menu-item menu-item-type-post_type menu-item-object-page menu-item-1124\"><a href=\"https:\/\/www.veltialabs.gr\/ro\/industry\/agroscience\/\">Teste \u00een teren<\/a><\/li>\n<\/ul><\/div><\/section><\/div><!-- \/tailor:tailor_widgets:5fe08bf0da9cd --><\/div>\n<!-- \/tailor:tailor_column:5fe08bf0da9cc --><!-- tailor:tailor_column:5fe08bf0da9cf -->\n<div class=\"tailor-column tailor-5fe08bf0da9cf\">\n<!-- tailor:tailor_content:5fe08bf0da9ce -->\n<div class=\"tailor-element tailor-content tailor-5fe08bf0da9ce\">\n<h1 style=\"margin-bottom: 0.5em\">Teste organoleptice<\/h1>\n<p><span>Testarea organoleptic\u0103 se efectueaz\u0103 \u00een principal la alimente \u0219i b\u0103uturi pentru a dezvolta profiluri \u0219i evalu\u0103ri ale criteriilor senzoriale. Scopul laboratorului este de a m\u0103sura, analiza \u0219i interpreta acele caracteristici care sunt perceptibile doar de sim\u021burile umane (gust, miros, atingere, v\u0103z \u0219i auz). Analiza organoleptic\u0103 este efectuat\u0103 pentru a studia concuren\u021ba dintre produse, a analiza preferin\u021bele de produse, acceptarea acestora de c\u0103tre consumatori, precum \u0219i pentru a evalua ciclul de via\u021b\u0103 al acestora, av\u00e2nd ca scop final succesul produsului.<\/span><\/p>\n<p>Principalele teste organoleptice efectuate sunt:<\/p>\n<ul>\n<li>Clasificarea produselor \u00een func\u021bie de gust. Primul \u00een clasament este cel mai bun \u0219i este urmat de celelalte, \u00een func\u021bie de notarea ob\u021binut\u0103 la evaluare.<\/li>\n<li>Analiza de descriere cantitativ\u0103, \u00een care se determin\u0103 intensitatea principalelor caracteristici ale probelor, folosind o scar\u0103 nenumerotat\u0103.<\/li>\n<li>\u00cencerc\u0103ri triunghiulare, \u00een care este posibil s\u0103 se determine mici diferen\u021be \u00eentre probe, pentru una sau mai multe caracteristici.<\/li>\n<\/ul>\n<p><span>V\u0103 st\u0103m mereu la dispozi\u021bie pentru a v\u0103 ajuta s\u0103 v\u0103 \u00eembun\u0103t\u0103\u021bi\u021bi produsele. Nu ezita\u021bi s\u0103 ne adresa\u021bi \u00eentreb\u0103ri.<\/span><\/p>\n<\/div>\n<\/div>\n<p>&nbsp;<\/p>\n<\/div>\n<!-- \/tailor:tailor_row:5fe08bf0da9cb -->\n<\/div>\n<\/div>\n<!-- \/tailor:tailor_section:5fe08bf0da9ca -->\n","protected":false},"excerpt":{"rendered":"<p>Teste organoleptice Testarea organoleptic\u0103 se efectueaz\u0103 \u00een principal la alimente \u0219i b\u0103uturi pentru a dezvolta profiluri \u0219i evalu\u0103ri ale criteriilor senzoriale. Scopul laboratorului este de a m\u0103sura, analiza \u0219i interpreta acele caracteristici care sunt perceptibile doar de sim\u021burile umane (gust, miros, atingere, v\u0103z \u0219i auz). Analiza organoleptic\u0103 este efectuat\u0103 pentru a studia concuren\u021ba dintre produse,<\/p>\n","protected":false},"author":42,"featured_media":1311,"parent":805,"menu_order":0,"comment_status":"closed","ping_status":"closed","template":"","meta":{"inline_featured_image":false},"acf":false,"_links":{"self":[{"href":"https:\/\/www.veltialabs.gr\/ro\/wp-json\/wp\/v2\/pages\/1069"}],"collection":[{"href":"https:\/\/www.veltialabs.gr\/ro\/wp-json\/wp\/v2\/pages"}],"about":[{"href":"https:\/\/www.veltialabs.gr\/ro\/wp-json\/wp\/v2\/types\/page"}],"author":[{"embeddable":true,"href":"https:\/\/www.veltialabs.gr\/ro\/wp-json\/wp\/v2\/users\/42"}],"replies":[{"embeddable":true,"href":"https:\/\/www.veltialabs.gr\/ro\/wp-json\/wp\/v2\/comments?post=1069"}],"version-history":[{"count":14,"href":"https:\/\/www.veltialabs.gr\/ro\/wp-json\/wp\/v2\/pages\/1069\/revisions"}],"predecessor-version":[{"id":2038,"href":"https:\/\/www.veltialabs.gr\/ro\/wp-json\/wp\/v2\/pages\/1069\/revisions\/2038"}],"up":[{"embeddable":true,"href":"https:\/\/www.veltialabs.gr\/ro\/wp-json\/wp\/v2\/pages\/805"}],"wp:featuredmedia":[{"embeddable":true,"href":"https:\/\/www.veltialabs.gr\/ro\/wp-json\/wp\/v2\/media\/1311"}],"wp:attachment":[{"href":"https:\/\/www.veltialabs.gr\/ro\/wp-json\/wp\/v2\/media?parent=1069"}],"curies":[{"name":"wp","href":"https:\/\/api.w.org\/{rel}","templated":true}]}}