{"id":1066,"date":"2020-12-21T12:48:21","date_gmt":"2020-12-21T11:48:21","guid":{"rendered":"http:\/\/www.tentamus.com\/agrolab-thessaloniki-en\/?page_id=1066"},"modified":"2023-02-09T13:17:11","modified_gmt":"2023-02-09T11:17:11","slug":"molecular","status":"publish","type":"page","link":"https:\/\/www.veltialabs.gr\/ro\/lab-services\/molecular\/","title":{"rendered":"Analize moleculare"},"content":{"rendered":"<!-- tailor:tailor_section:5fe08ba684237 -->\n<div class=\"tailor-element tailor-section tailor-5fe08ba684237\">\n<div class=\"tailor-section__content\">\n<!-- tailor:tailor_row:5fe08ba684238 -->\n<div class=\"tailor-element tailor-row tablet-columns tailor-5fe08ba684238\">\n<!-- tailor:tailor_column:5fe08ba684239 -->\n<div class=\"tailor-column tailor-5fe08ba684239\"><!-- tailor:tailor_widgets:5fe08ba684240 --><div  class=\"tailor-element tailor-widget-area service_custom_menu tailor-5fe08ba684240\"><section class=\"nav_menu-13 widget_nav_menu\"><h3>SERVICII DE LABORATOR<\/h3><div class=\"menu-lab-services-sidebar-container\"><ul id=\"menu-lab-services-sidebar\" class=\"menu\"><li id=\"menu-item-840\" class=\"menu-item menu-item-type-post_type menu-item-object-page menu-item-840\"><a href=\"https:\/\/www.veltialabs.gr\/ro\/lab-services\/physio-chemical\/\">Analize fizico-chimice<\/a><\/li>\n<li id=\"menu-item-1075\" class=\"menu-item menu-item-type-post_type menu-item-object-page menu-item-1075\"><a href=\"https:\/\/www.veltialabs.gr\/ro\/lab-services\/instrumental\/\">Analize instrumentale<\/a><\/li>\n<li id=\"menu-item-1074\" class=\"menu-item menu-item-type-post_type menu-item-object-page menu-item-1074\"><a href=\"https:\/\/www.veltialabs.gr\/ro\/lab-services\/microbiological\/\">Analize microbiologice<\/a><\/li>\n<li id=\"menu-item-1073\" class=\"menu-item menu-item-type-post_type menu-item-object-page menu-item-1073\"><a href=\"https:\/\/www.veltialabs.gr\/ro\/lab-services\/molecular\/\">Analize moleculare<\/a><\/li>\n<li id=\"menu-item-1072\" class=\"menu-item menu-item-type-post_type menu-item-object-page menu-item-1072\"><a href=\"https:\/\/www.veltialabs.gr\/ro\/lab-services\/sensorial\/\">Teste organoleptice<\/a><\/li>\n<\/ul><\/div><\/section><section class=\"nav_menu-15 widget_nav_menu\"><h3>DOMENII DE ACTIVITATE<\/h3><div class=\"menu-footer-industrie-container\"><ul id=\"menu-footer-industrie\" class=\"menu\"><li id=\"menu-item-1129\" class=\"menu-item menu-item-type-post_type menu-item-object-page menu-item-1129\"><a href=\"https:\/\/www.veltialabs.gr\/ro\/industry\/fruits-vegetables\/\">Fructe &amp; Legume<\/a><\/li>\n<li id=\"menu-item-1128\" class=\"menu-item menu-item-type-post_type menu-item-object-page menu-item-1128\"><a href=\"https:\/\/www.veltialabs.gr\/ro\/industry\/food-feed\/\">Alimente &amp; Hran\u0103 pentru animale<\/a><\/li>\n<li id=\"menu-item-1127\" class=\"menu-item menu-item-type-post_type menu-item-object-page menu-item-1127\"><a href=\"https:\/\/www.veltialabs.gr\/ro\/industry\/oils-olives\/\">Ulei de m\u0103sline &amp; M\u0103sline<\/a><\/li>\n<li id=\"menu-item-1126\" class=\"menu-item menu-item-type-post_type menu-item-object-page menu-item-1126\"><a href=\"https:\/\/www.veltialabs.gr\/ro\/industry\/water-waste\/\">Ap\u0103 &amp; De\u0219euri<\/a><\/li>\n<li id=\"menu-item-1125\" class=\"menu-item menu-item-type-post_type menu-item-object-page menu-item-1125\"><a href=\"https:\/\/www.veltialabs.gr\/ro\/industry\/soil-plant-tissues\/\">Sol &amp; \u021aesuturi vegetale<\/a><\/li>\n<li id=\"menu-item-1124\" class=\"menu-item menu-item-type-post_type menu-item-object-page menu-item-1124\"><a href=\"https:\/\/www.veltialabs.gr\/ro\/industry\/agroscience\/\">Teste \u00een teren<\/a><\/li>\n<\/ul><\/div><\/section><\/div><!-- \/tailor:tailor_widgets:5fe08ba684240 --><\/div>\n<!-- \/tailor:tailor_column:5fe08ba684239 --><!-- tailor:tailor_column:5fe08ba684242 -->\n<div class=\"tailor-column tailor-5fe08ba684242\">\n<!-- tailor:tailor_content:5fe08ba684241 -->\n<div class=\"tailor-element tailor-content tailor-5fe08ba684241\">\n<h1 style=\"margin-bottom: 0.5em\"><strong>Analize moleculare<\/strong><\/h1>\n<p>Analizele moleculare sunt efectuate \u00een Timp Real PCR (RT_PCR). Laboratorul Molecular realizeaz\u0103 analize pentru peste 3.000 de probe pe an.<\/p>\n<p>Unele dintre analize sunt:<\/p>\n<ul>\n<li>Analiz\u0103 pentru OMG-uri din soia, porumb, orez, bumbac (metode de screening-identificare, cuantificare \u0219i identificare a evenimentelor ).<\/li>\n<li>Detectarea ADN-ului speciilor de animale<\/li>\n<li>Test de alergeni<\/li>\n<li>Detectarea agen\u021bilor patogeni (de exemplu, E.coli 157)<\/li>\n<\/ul>\n<ul><\/ul>\n<\/div>\n<!-- \/tailor:tailor_content:5fe08ba684241 -->\n<\/div>\n<!-- \/tailor:tailor_column:5fe08ba684242 -->\n<\/div>\n<!-- \/tailor:tailor_row:5fe08ba684238 -->\n<\/div>\n<\/div>\n<!-- \/tailor:tailor_section:5fe08ba684237 -->\n","protected":false},"excerpt":{"rendered":"<p>Analize moleculare Analizele moleculare sunt efectuate \u00een Timp Real PCR (RT_PCR). Laboratorul Molecular realizeaz\u0103 analize pentru peste 3.000 de probe pe an. Unele dintre analize sunt: Analiz\u0103 pentru OMG-uri din soia, porumb, orez, bumbac (metode de screening-identificare, cuantificare \u0219i identificare a evenimentelor ). Detectarea ADN-ului speciilor de animale Test de alergeni Detectarea agen\u021bilor patogeni (de<\/p>\n","protected":false},"author":42,"featured_media":1298,"parent":805,"menu_order":0,"comment_status":"closed","ping_status":"closed","template":"","meta":{"inline_featured_image":false},"acf":false,"_links":{"self":[{"href":"https:\/\/www.veltialabs.gr\/ro\/wp-json\/wp\/v2\/pages\/1066"}],"collection":[{"href":"https:\/\/www.veltialabs.gr\/ro\/wp-json\/wp\/v2\/pages"}],"about":[{"href":"https:\/\/www.veltialabs.gr\/ro\/wp-json\/wp\/v2\/types\/page"}],"author":[{"embeddable":true,"href":"https:\/\/www.veltialabs.gr\/ro\/wp-json\/wp\/v2\/users\/42"}],"replies":[{"embeddable":true,"href":"https:\/\/www.veltialabs.gr\/ro\/wp-json\/wp\/v2\/comments?post=1066"}],"version-history":[{"count":12,"href":"https:\/\/www.veltialabs.gr\/ro\/wp-json\/wp\/v2\/pages\/1066\/revisions"}],"predecessor-version":[{"id":1943,"href":"https:\/\/www.veltialabs.gr\/ro\/wp-json\/wp\/v2\/pages\/1066\/revisions\/1943"}],"up":[{"embeddable":true,"href":"https:\/\/www.veltialabs.gr\/ro\/wp-json\/wp\/v2\/pages\/805"}],"wp:featuredmedia":[{"embeddable":true,"href":"https:\/\/www.veltialabs.gr\/ro\/wp-json\/wp\/v2\/media\/1298"}],"wp:attachment":[{"href":"https:\/\/www.veltialabs.gr\/ro\/wp-json\/wp\/v2\/media?parent=1066"}],"curies":[{"name":"wp","href":"https:\/\/api.w.org\/{rel}","templated":true}]}}