{"id":1063,"date":"2020-12-21T12:45:47","date_gmt":"2020-12-21T11:45:47","guid":{"rendered":"http:\/\/www.tentamus.com\/agrolab-thessaloniki-en\/?page_id=1063"},"modified":"2023-02-09T13:08:57","modified_gmt":"2023-02-09T11:08:57","slug":"microbiological","status":"publish","type":"page","link":"https:\/\/www.veltialabs.gr\/ro\/lab-services\/microbiological\/","title":{"rendered":"Analize microbiologice"},"content":{"rendered":"<div class=\"tailor-element tailor-section tailor-5fe08b6f0720f\">\n<div class=\"tailor-section__content\">\n<!-- tailor:tailor_row:5fe08b6f0720g --><\/p>\n<div class=\"tailor-element tailor-row tablet-columns tailor-5fe08b6f0720g\">\n<!-- tailor:tailor_column:5fe08b6f0720h --><\/p>\n<div class=\"tailor-column tailor-5fe08b6f0720h\"><!-- tailor:tailor_widgets:5fe08b6f0720i --><div  class=\"tailor-element tailor-widget-area service_custom_menu tailor-5fe08b6f0720i\"><section class=\"nav_menu-13 widget_nav_menu\"><h3>SERVICII DE LABORATOR<\/h3><div class=\"menu-lab-services-sidebar-container\"><ul id=\"menu-lab-services-sidebar\" class=\"menu\"><li id=\"menu-item-840\" class=\"menu-item menu-item-type-post_type menu-item-object-page menu-item-840\"><a href=\"https:\/\/www.veltialabs.gr\/ro\/lab-services\/physio-chemical\/\">Analize fizico-chimice<\/a><\/li>\n<li id=\"menu-item-1075\" class=\"menu-item menu-item-type-post_type menu-item-object-page menu-item-1075\"><a href=\"https:\/\/www.veltialabs.gr\/ro\/lab-services\/instrumental\/\">Analize instrumentale<\/a><\/li>\n<li id=\"menu-item-1074\" class=\"menu-item menu-item-type-post_type menu-item-object-page menu-item-1074\"><a href=\"https:\/\/www.veltialabs.gr\/ro\/lab-services\/microbiological\/\">Analize microbiologice<\/a><\/li>\n<li id=\"menu-item-1073\" class=\"menu-item menu-item-type-post_type menu-item-object-page menu-item-1073\"><a href=\"https:\/\/www.veltialabs.gr\/ro\/lab-services\/molecular\/\">Analize moleculare<\/a><\/li>\n<li id=\"menu-item-1072\" class=\"menu-item menu-item-type-post_type menu-item-object-page menu-item-1072\"><a href=\"https:\/\/www.veltialabs.gr\/ro\/lab-services\/sensorial\/\">Teste organoleptice<\/a><\/li>\n<\/ul><\/div><\/section><section class=\"nav_menu-15 widget_nav_menu\"><h3>DOMENII DE ACTIVITATE<\/h3><div class=\"menu-footer-industrie-container\"><ul id=\"menu-footer-industrie\" class=\"menu\"><li id=\"menu-item-1129\" class=\"menu-item menu-item-type-post_type menu-item-object-page menu-item-1129\"><a href=\"https:\/\/www.veltialabs.gr\/ro\/industry\/fruits-vegetables\/\">Fructe &amp; Legume<\/a><\/li>\n<li id=\"menu-item-1128\" class=\"menu-item menu-item-type-post_type menu-item-object-page menu-item-1128\"><a href=\"https:\/\/www.veltialabs.gr\/ro\/industry\/food-feed\/\">Alimente &amp; Hran\u0103 pentru animale<\/a><\/li>\n<li id=\"menu-item-1127\" class=\"menu-item menu-item-type-post_type menu-item-object-page menu-item-1127\"><a href=\"https:\/\/www.veltialabs.gr\/ro\/industry\/oils-olives\/\">Ulei de m\u0103sline &amp; M\u0103sline<\/a><\/li>\n<li id=\"menu-item-1126\" class=\"menu-item menu-item-type-post_type menu-item-object-page menu-item-1126\"><a href=\"https:\/\/www.veltialabs.gr\/ro\/industry\/water-waste\/\">Ap\u0103 &amp; De\u0219euri<\/a><\/li>\n<li id=\"menu-item-1125\" class=\"menu-item menu-item-type-post_type menu-item-object-page menu-item-1125\"><a href=\"https:\/\/www.veltialabs.gr\/ro\/industry\/soil-plant-tissues\/\">Sol &amp; \u021aesuturi vegetale<\/a><\/li>\n<li id=\"menu-item-1124\" class=\"menu-item menu-item-type-post_type menu-item-object-page menu-item-1124\"><a href=\"https:\/\/www.veltialabs.gr\/ro\/industry\/agroscience\/\">Teste \u00een teren<\/a><\/li>\n<\/ul><\/div><\/section><\/div><!-- \/tailor:tailor_widgets:5fe08b6f0720i --><\/div>\n<!-- \/tailor:tailor_column:5fe08b6f0720h --><!-- tailor:tailor_column:5fe08b6f0720k --><\/p>\n<div class=\"tailor-column tailor-5fe08b6f0720k\">\n<!-- tailor:tailor_content:5fe08b6f0720j --><\/p>\n<div class=\"tailor-element tailor-content tailor-5fe08b6f0720j\">\n<h1 style=\"margin-bottom: 0.5em\">Analize microbiologice<\/h1>\n<p>\u00cen fiecare an, sunt analizate peste 65.000 de probe pentru parametrii microbiologici \u00een unit\u0103\u021bile noastre. Laboratorul nostru de microbiologie efectueaz\u0103 analize pentru o gam\u0103 larg\u0103 de produse, cum ar fi alimente, ap\u0103 (de b\u0103ut, marin\u0103, de suprafa\u021b\u0103), precum \u0219i de\u0219euri.<\/p>\n<p>Principalele analize efectuate sunt:<\/p>\n<ul>\n<li>TVC 37C, 22C, Coliforms, E.coli, Enterococci, P.aeruginosa, C.perfringens<\/li>\n<li>Salmonella spp<\/li>\n<li>Listeria monocytogenes<\/li>\n<li>Legionella<\/li>\n<li>E. coli O157<\/li>\n<li>Cronobacter<\/li>\n<li>Campylobacter<\/li>\n<li>Staphylococcal enterotoxin<\/li>\n<\/ul>\n<p>Sfera de acreditare a laboratorului conform <a href=\"https:\/\/www.tentamus.com\/veltia-gr\/wp-content\/uploads\/sites\/109\/2021\/02\/3.-VELTIA-Athens-Accreditation-Scope-ENGL.pdf\" target=\"_blank\" rel=\"noopener\"><u>ISO 17025<\/u><\/a> include peste 45 de metode microbiologice pentru alimente, hran\u0103 pentru animale, lapte \u0219i produse lactate, alimente pentru sugari \u0219i copii, ap\u0103 potabil\u0103 \u0219i de mare.<\/p>\n<\/div>\n<!-- \/tailor:tailor_content:5fe08b6f0720j --><\/p>\n<\/div>\n<!-- \/tailor:tailor_column:5fe08b6f0720k --><\/p>\n<\/div>\n<!-- \/tailor:tailor_row:5fe08b6f0720g --><\/p>\n<\/div>\n<\/div>\n","protected":false},"excerpt":{"rendered":"<p>Analize microbiologice \u00cen fiecare an, sunt analizate peste 65.000 de probe pentru parametrii microbiologici \u00een unit\u0103\u021bile noastre. Laboratorul nostru de microbiologie efectueaz\u0103 analize pentru o gam\u0103 larg\u0103 de produse, cum ar fi alimente, ap\u0103 (de b\u0103ut, marin\u0103, de suprafa\u021b\u0103), precum \u0219i de\u0219euri. Principalele analize efectuate sunt: TVC 37C, 22C, Coliforms, E.coli, Enterococci, P.aeruginosa, C.perfringens Salmonella<\/p>\n","protected":false},"author":42,"featured_media":1301,"parent":805,"menu_order":0,"comment_status":"closed","ping_status":"closed","template":"","meta":{"inline_featured_image":false},"acf":false,"_links":{"self":[{"href":"https:\/\/www.veltialabs.gr\/ro\/wp-json\/wp\/v2\/pages\/1063"}],"collection":[{"href":"https:\/\/www.veltialabs.gr\/ro\/wp-json\/wp\/v2\/pages"}],"about":[{"href":"https:\/\/www.veltialabs.gr\/ro\/wp-json\/wp\/v2\/types\/page"}],"author":[{"embeddable":true,"href":"https:\/\/www.veltialabs.gr\/ro\/wp-json\/wp\/v2\/users\/42"}],"replies":[{"embeddable":true,"href":"https:\/\/www.veltialabs.gr\/ro\/wp-json\/wp\/v2\/comments?post=1063"}],"version-history":[{"count":11,"href":"https:\/\/www.veltialabs.gr\/ro\/wp-json\/wp\/v2\/pages\/1063\/revisions"}],"predecessor-version":[{"id":1940,"href":"https:\/\/www.veltialabs.gr\/ro\/wp-json\/wp\/v2\/pages\/1063\/revisions\/1940"}],"up":[{"embeddable":true,"href":"https:\/\/www.veltialabs.gr\/ro\/wp-json\/wp\/v2\/pages\/805"}],"wp:featuredmedia":[{"embeddable":true,"href":"https:\/\/www.veltialabs.gr\/ro\/wp-json\/wp\/v2\/media\/1301"}],"wp:attachment":[{"href":"https:\/\/www.veltialabs.gr\/ro\/wp-json\/wp\/v2\/media?parent=1063"}],"curies":[{"name":"wp","href":"https:\/\/api.w.org\/{rel}","templated":true}]}}