{"id":1060,"date":"2020-12-21T12:44:18","date_gmt":"2020-12-21T11:44:18","guid":{"rendered":"http:\/\/www.tentamus.com\/agrolab-thessaloniki-en\/?page_id=1060"},"modified":"2023-02-09T12:50:08","modified_gmt":"2023-02-09T10:50:08","slug":"instrumental","status":"publish","type":"page","link":"https:\/\/www.veltialabs.gr\/ro\/lab-services\/instrumental\/","title":{"rendered":"Analize instrumentale"},"content":{"rendered":"<!-- tailor:tailor_section:5fe08aca73f20 -->\n<div class=\"tailor-element tailor-section tailor-5fe08aca73f20\">\n<div class=\"tailor-section__content\">\n<!-- tailor:tailor_row:5fe08aca73f21 -->\n<div class=\"tailor-element tailor-row tablet-columns tailor-5fe08aca73f21\">\n<!-- tailor:tailor_column:5fe08aca73f22 -->\n<div class=\"tailor-column tailor-5fe08aca73f22\"><!-- tailor:tailor_widgets:5fe08aca73f23 --><div  class=\"tailor-element tailor-widget-area service_custom_menu tailor-5fe08aca73f23\"><section class=\"nav_menu-13 widget_nav_menu\"><h3>SERVICII DE LABORATOR<\/h3><div class=\"menu-lab-services-sidebar-container\"><ul id=\"menu-lab-services-sidebar\" class=\"menu\"><li id=\"menu-item-840\" class=\"menu-item menu-item-type-post_type menu-item-object-page menu-item-840\"><a href=\"https:\/\/www.veltialabs.gr\/ro\/lab-services\/physio-chemical\/\">Analize fizico-chimice<\/a><\/li>\n<li id=\"menu-item-1075\" class=\"menu-item menu-item-type-post_type menu-item-object-page menu-item-1075\"><a href=\"https:\/\/www.veltialabs.gr\/ro\/lab-services\/instrumental\/\">Analize instrumentale<\/a><\/li>\n<li id=\"menu-item-1074\" class=\"menu-item menu-item-type-post_type menu-item-object-page menu-item-1074\"><a href=\"https:\/\/www.veltialabs.gr\/ro\/lab-services\/microbiological\/\">Analize microbiologice<\/a><\/li>\n<li id=\"menu-item-1073\" class=\"menu-item menu-item-type-post_type menu-item-object-page menu-item-1073\"><a href=\"https:\/\/www.veltialabs.gr\/ro\/lab-services\/molecular\/\">Analize moleculare<\/a><\/li>\n<li id=\"menu-item-1072\" class=\"menu-item menu-item-type-post_type menu-item-object-page menu-item-1072\"><a href=\"https:\/\/www.veltialabs.gr\/ro\/lab-services\/sensorial\/\">Teste organoleptice<\/a><\/li>\n<\/ul><\/div><\/section><section class=\"nav_menu-15 widget_nav_menu\"><h3>DOMENII DE ACTIVITATE<\/h3><div class=\"menu-footer-industrie-container\"><ul id=\"menu-footer-industrie\" class=\"menu\"><li id=\"menu-item-1129\" class=\"menu-item menu-item-type-post_type menu-item-object-page menu-item-1129\"><a href=\"https:\/\/www.veltialabs.gr\/ro\/industry\/fruits-vegetables\/\">Fructe &amp; Legume<\/a><\/li>\n<li id=\"menu-item-1128\" class=\"menu-item menu-item-type-post_type menu-item-object-page menu-item-1128\"><a href=\"https:\/\/www.veltialabs.gr\/ro\/industry\/food-feed\/\">Alimente &amp; Hran\u0103 pentru animale<\/a><\/li>\n<li id=\"menu-item-1127\" class=\"menu-item menu-item-type-post_type menu-item-object-page menu-item-1127\"><a href=\"https:\/\/www.veltialabs.gr\/ro\/industry\/oils-olives\/\">Ulei de m\u0103sline &amp; M\u0103sline<\/a><\/li>\n<li id=\"menu-item-1126\" class=\"menu-item menu-item-type-post_type menu-item-object-page menu-item-1126\"><a href=\"https:\/\/www.veltialabs.gr\/ro\/industry\/water-waste\/\">Ap\u0103 &amp; De\u0219euri<\/a><\/li>\n<li id=\"menu-item-1125\" class=\"menu-item menu-item-type-post_type menu-item-object-page menu-item-1125\"><a href=\"https:\/\/www.veltialabs.gr\/ro\/industry\/soil-plant-tissues\/\">Sol &amp; \u021aesuturi vegetale<\/a><\/li>\n<li id=\"menu-item-1124\" class=\"menu-item menu-item-type-post_type menu-item-object-page menu-item-1124\"><a href=\"https:\/\/www.veltialabs.gr\/ro\/industry\/agroscience\/\">Teste \u00een teren<\/a><\/li>\n<\/ul><\/div><\/section><\/div><!-- \/tailor:tailor_widgets:5fe08aca73f23 --><\/div>\n<!-- \/tailor:tailor_column:5fe08aca73f22 --><!-- tailor:tailor_column:5fe08aca73f25 -->\n<div class=\"tailor-column tailor-5fe08aca73f25\">\n<!-- tailor:tailor_content:5fe08aca73f24 -->\n<div class=\"tailor-element tailor-content tailor-5fe08aca73f24\">\n<h1 style=\"margin-bottom: 0.5em\"><strong>Analize instrumentale<\/strong><\/h1>\n<p>Suntem foarte m\u00e2ndri de echipamentele noastre moderne de laborator, care ne permit s\u0103 oferim rezultate de \u00eenalt\u0103 calitate \u0219i s\u0103 asigur\u0103m siguran\u021ba produselor. Peste 40.000 de probe sunt analizate anual. Personalul nostru de laborator cu \u00eenalt\u0103 preg\u0103tire are capacitatea de a valorifica la maximum cele mai noi instrumente tehnologice aflate \u00een ambele unit\u0103\u021bi. Unii dintre parametrii analiza\u021bi pot fi \u00eemp\u0103r\u021bi\u021bi \u00een urm\u0103toarele categorii:<\/p>\n<ul>\n<li>Analiza reziduurilor din fructe \u0219i legume, alimente, hran\u0103 pentru animale \u0219i altele, cum ar fi de ex. reziduurile din uleiul de m\u0103sline.<\/li>\n<li>Analiz\u0103 pentru contaminan\u021bi \u00een diverse substraturi, cum ar fi alimente \u0219i hran\u0103 pentru animale, fructe \u0219i legume, tutun, cereale \u0219i f\u0103inuri \u0219i altele.<\/li>\n<li>Cuantificarea antibioticelor<\/li>\n<li>Identificarea toxinelor<\/li>\n<li>Cuantificarea conservan\u021bilor<\/li>\n<li>Poluan\u021bi din ap\u0103 \u0219i de\u0219euri<\/li>\n<li>Radioactivitate \u00een ap\u0103<\/li>\n<\/ul>\n<p>Laboratoarele VELTIA Labs for Life sunt excelent echipate cu instrumente de ultim\u0103 genera\u021bie, cum ar fi LCQTOF pentru analize f\u0103r\u0103 \u021bint\u0103, cromatografie lichid\u0103 cu mas\u0103 dual\u0103 (UPLC-Ms-Ms), cromatografie gazoas\u0103 cu mas\u0103 dual\u0103 (GC-Ms-Ms), HPLC-uri, GC-uri, plasm\u0103 cuplat\u0103 inductiv (ICP-OES), absorb\u021bie atomic\u0103 \u00een cuptor de grafit (ASS-GF), analizor \u00een flux continuu (Flow Injection), cromatograf ionic \u0219i multe alte instrumente auxiliare.<\/p>\n<\/div>\n<!-- \/tailor:tailor_content:5fe08aca73f24 -->\n<\/div>\n<!-- \/tailor:tailor_column:5fe08aca73f25 -->\n<\/div>\n<!-- \/tailor:tailor_row:5fe08aca73f21 -->\n<\/div>\n<\/div>\n<!-- \/tailor:tailor_section:5fe08aca73f20 -->\n","protected":false},"excerpt":{"rendered":"<p>Analize instrumentale Suntem foarte m\u00e2ndri de echipamentele noastre moderne de laborator, care ne permit s\u0103 oferim rezultate de \u00eenalt\u0103 calitate \u0219i s\u0103 asigur\u0103m siguran\u021ba produselor. Peste 40.000 de probe sunt analizate anual. Personalul nostru de laborator cu \u00eenalt\u0103 preg\u0103tire are capacitatea de a valorifica la maximum cele mai noi instrumente tehnologice aflate \u00een ambele unit\u0103\u021bi.<\/p>\n","protected":false},"author":42,"featured_media":1313,"parent":805,"menu_order":0,"comment_status":"closed","ping_status":"closed","template":"","meta":{"inline_featured_image":false},"acf":false,"_links":{"self":[{"href":"https:\/\/www.veltialabs.gr\/ro\/wp-json\/wp\/v2\/pages\/1060"}],"collection":[{"href":"https:\/\/www.veltialabs.gr\/ro\/wp-json\/wp\/v2\/pages"}],"about":[{"href":"https:\/\/www.veltialabs.gr\/ro\/wp-json\/wp\/v2\/types\/page"}],"author":[{"embeddable":true,"href":"https:\/\/www.veltialabs.gr\/ro\/wp-json\/wp\/v2\/users\/42"}],"replies":[{"embeddable":true,"href":"https:\/\/www.veltialabs.gr\/ro\/wp-json\/wp\/v2\/comments?post=1060"}],"version-history":[{"count":15,"href":"https:\/\/www.veltialabs.gr\/ro\/wp-json\/wp\/v2\/pages\/1060\/revisions"}],"predecessor-version":[{"id":1938,"href":"https:\/\/www.veltialabs.gr\/ro\/wp-json\/wp\/v2\/pages\/1060\/revisions\/1938"}],"up":[{"embeddable":true,"href":"https:\/\/www.veltialabs.gr\/ro\/wp-json\/wp\/v2\/pages\/805"}],"wp:featuredmedia":[{"embeddable":true,"href":"https:\/\/www.veltialabs.gr\/ro\/wp-json\/wp\/v2\/media\/1313"}],"wp:attachment":[{"href":"https:\/\/www.veltialabs.gr\/ro\/wp-json\/wp\/v2\/media?parent=1060"}],"curies":[{"name":"wp","href":"https:\/\/api.w.org\/{rel}","templated":true}]}}